{"id":610,"date":"2022-04-22T20:44:35","date_gmt":"2022-04-22T20:44:35","guid":{"rendered":"https:\/\/ok.org.rs\/?page_id=610"},"modified":"2022-04-25T13:21:16","modified_gmt":"2022-04-25T13:21:16","slug":"istorijat","status":"publish","type":"page","link":"https:\/\/ok.org.rs\/en\/istorijat\/","title":{"rendered":"History"},"content":{"rendered":"<div data-elementor-type=\"wp-page\" data-elementor-id=\"610\" class=\"elementor elementor-610\">\n\t\t\t\t\t\t<section class=\"elementor-section elementor-top-section elementor-element elementor-element-37938ca elementor-section-boxed elementor-section-height-default elementor-section-height-default\" data-id=\"37938ca\" data-element_type=\"section\" data-e-type=\"section\">\n\t\t\t\t\t\t<div class=\"elementor-container elementor-column-gap-default\">\n\t\t\t\t\t<div class=\"elementor-column elementor-col-100 elementor-top-column elementor-element elementor-element-589ec38\" data-id=\"589ec38\" data-element_type=\"column\" data-e-type=\"column\">\n\t\t\t<div class=\"elementor-widget-wrap elementor-element-populated\">\n\t\t\t\t\t\t<div class=\"elementor-element elementor-element-79f63c2 elementor-widget elementor-widget-heading\" data-id=\"79f63c2\" data-element_type=\"widget\" data-e-type=\"widget\" data-widget_type=\"heading.default\">\n\t\t\t\t<div class=\"elementor-widget-container\">\n\t\t\t\t\t<h1 class=\"elementor-heading-title elementor-size-default\">History<\/h1>\t\t\t\t<\/div>\n\t\t\t\t<\/div>\n\t\t\t\t\t<\/div>\n\t\t<\/div>\n\t\t\t\t\t<\/div>\n\t\t<\/section>\n\t\t\t\t<section class=\"elementor-section elementor-top-section elementor-element elementor-element-8ece947 elementor-section-boxed elementor-section-height-default elementor-section-height-default\" data-id=\"8ece947\" data-element_type=\"section\" data-e-type=\"section\">\n\t\t\t\t\t\t<div class=\"elementor-container elementor-column-gap-default\">\n\t\t\t\t\t<div class=\"elementor-column elementor-col-100 elementor-top-column elementor-element elementor-element-1f22d99\" data-id=\"1f22d99\" data-element_type=\"column\" data-e-type=\"column\">\n\t\t\t<div class=\"elementor-widget-wrap elementor-element-populated\">\n\t\t\t\t\t\t<div class=\"elementor-element elementor-element-1ff7911 elementor-widget elementor-widget-text-editor\" data-id=\"1ff7911\" data-element_type=\"widget\" data-e-type=\"widget\" data-widget_type=\"text-editor.default\">\n\t\t\t\t<div class=\"elementor-widget-container\">\n\t\t\t\t\t\t\t\t\t<p class=\"MsoNormal\" style=\"text-align: justify; text-justify: inter-ideograph;\"><span lang=\"DE\">Otvorena komunikacija je akademska debatna mre\u017ea koja se bavi unapre\u0111enjem kulture dijaloga. Osnovana je 1997. godine od strane studenata i profesora Univerziteta u Beogradu po ugledu na debatne klubove presti\u017enih evropskih univerzitetskih centara. Njene obrazovne programe iz oblasti debate, komunikacije, kriti\u010dkog razmi\u0161ljanja, argumentacije, gra\u0111enja slu\u010daja i javnog nastupa do sada je zavr\u0161ilo vi\u0161e od 1500 studenata i srednjo\u0161kolaca.<\/span><\/p><p class=\"MsoNormal\" style=\"text-align: justify; text-justify: inter-ideograph;\"><span lang=\"DE\">Od svog osnivanja do danas, Otvorena komunikacija sprovodi osnovni debatni program kroz rad debatnih klubova, a trenutno se programi odr\u017eavaju na Pravnom fakultetu, Fakultetu politi\u010dkih nauka, Ekonomskom fakultetu, Fakultetu organizacionih nauka i Filozofskom fakultetu. Polaznici koji uspe\u0161no zavr\u0161e osnovni program, nastavljaju usavr\u0161avanje na srednjem i naprednom debatnom kursu. Od 2010. godine organizuje se i srednjo\u0161kolski debatni program u nekoliko srednjih \u0161kola i gimnazija u Beogradu. Tako\u0111e, Otvorena komunikacija je u\u010destvovala kao partnerska organizacija na razli\u010ditim obrazovnim programima koji su imali za cilj razvoj mladih u gra\u0111anski svesne i uticajne \u010dlanove dru\u0161tva.<\/span><\/p><p class=\"MsoNormal\" style=\"text-align: justify; text-justify: inter-ideograph;\"><span lang=\"DE\">Na\u0161i debateri ve\u0107 dugi niz godina posti\u017eu velike uspehe na va\u017enim me\u0111unarodnim takmi\u010denjima, kao \u0161to su Evropsko i Svetsko univerzitetsko debatno prvenstvo, gde imamo titule evropskih i svetskih prvaka u kategorijama ESL i EFL (engleski kao drugi i kao strani jezik), kao i brojni turniri koji su osvojeni ili na kojima je ostvaren zna\u010dajan uspeh u kontinuitetu, poput turnira u Be\u010du, Moskvi, Splitu, Berlinu, Zagrebu, Budimpe\u0161ti, Klu\u017eu, Sofiji, Parizu, te posebno presti\u017enim takmi\u010denjima na Oksfordu i Kembrid\u017eu.<\/span><\/p><p class=\"MsoNormal\" style=\"text-align: justify; text-justify: inter-ideograph;\"><span lang=\"DE\">Posebno mesto me\u0111u godi\u0161njim projektima Otvorene komunikacije zauzimaju Belgrade Open \u2013 me\u0111unarodni debatni turnir, koji okuplja svake godine 150 u\u010desnika iz celog sveta, kao i Letnji Debatni Kamp, sedmodnevni intenzivni debatni trening i turnir.<\/span><\/p><p class=\"MsoNormal\" style=\"text-align: justify; text-justify: inter-ideograph;\"><span style=\"font-style: inherit; font-weight: inherit; background-color: var(--ast-global-color-4); color: var(--ast-global-color-3);\">Zahvaljuju\u0107i prethodnom iskustvu u organizaciji me\u0111unarodnih debatnih turnira i posve\u0107enosti razvoju debate kroz obrazovne programe, Evropski unverzitetski debatni savet je avgusta 2012. godine jednoglasno podr\u017eao kandidaturu Otvorene komunikacije za organizaciju Evropskog univerzitetskog debatnog prvenstva 2012. godine.<\/span><\/p>\t\t\t\t\t\t\t\t<\/div>\n\t\t\t\t<\/div>\n\t\t\t\t\t<\/div>\n\t\t<\/div>\n\t\t\t\t\t<\/div>\n\t\t<\/section>\n\t\t\t\t<\/div>","protected":false},"excerpt":{"rendered":"<p>Istorijat Otvorena komunikacija je akademska debatna mre\u017ea koja se bavi unapre\u0111enjem kulture dijaloga. Osnovana je 1997. godine od strane studenata i profesora Univerziteta u Beogradu po ugledu na debatne klubove presti\u017enih evropskih univerzitetskih centara. Njene obrazovne programe iz oblasti debate, komunikacije, kriti\u010dkog razmi\u0161ljanja, argumentacije, gra\u0111enja slu\u010daja i javnog nastupa do sada je zavr\u0161ilo vi\u0161e od [&hellip;]<\/p>\n","protected":false},"author":1,"featured_media":0,"parent":0,"menu_order":0,"comment_status":"closed","ping_status":"closed","template":"","meta":{"om_disable_all_campaigns":false,"_monsterinsights_skip_tracking":false,"_monsterinsights_sitenote_active":false,"_monsterinsights_sitenote_note":"","_monsterinsights_sitenote_category":0,"site-sidebar-layout":"no-sidebar","site-content-layout":"page-builder","ast-site-content-layout":"default","site-content-style":"default","site-sidebar-style":"default","ast-global-header-display":"","ast-banner-title-visibility":"","ast-main-header-display":"","ast-hfb-above-header-display":"","ast-hfb-below-header-display":"","ast-hfb-mobile-header-display":"","site-post-title":"disabled","ast-breadcrumbs-content":"","ast-featured-img":"disabled","footer-sml-layout":"","ast-disable-related-posts":"","theme-transparent-header-meta":"","adv-header-id-meta":"","stick-header-meta":"","header-above-stick-meta":"","header-main-stick-meta":"","header-below-stick-meta":"","astra-migrate-meta-layouts":"default","ast-page-background-enabled":"default","ast-page-background-meta":{"desktop":{"background-color":"","background-image":"","background-repeat":"repeat","background-position":"center center","background-size":"auto","background-attachment":"scroll","background-type":"","background-media":"","overlay-type":"","overlay-color":"","overlay-opacity":"","overlay-gradient":""},"tablet":{"background-color":"","background-image":"","background-repeat":"repeat","background-position":"center center","background-size":"auto","background-attachment":"scroll","background-type":"","background-media":"","overlay-type":"","overlay-color":"","overlay-opacity":"","overlay-gradient":""},"mobile":{"background-color":"","background-image":"","background-repeat":"repeat","background-position":"center center","background-size":"auto","background-attachment":"scroll","background-type":"","background-media":"","overlay-type":"","overlay-color":"","overlay-opacity":"","overlay-gradient":""}},"ast-content-background-meta":{"desktop":{"background-color":"var(--ast-global-color-5)","background-image":"","background-repeat":"repeat","background-position":"center center","background-size":"auto","background-attachment":"scroll","background-type":"","background-media":"","overlay-type":"","overlay-color":"","overlay-opacity":"","overlay-gradient":""},"tablet":{"background-color":"var(--ast-global-color-5)","background-image":"","background-repeat":"repeat","background-position":"center center","background-size":"auto","background-attachment":"scroll","background-type":"","background-media":"","overlay-type":"","overlay-color":"","overlay-opacity":"","overlay-gradient":""},"mobile":{"background-color":"var(--ast-global-color-5)","background-image":"","background-repeat":"repeat","background-position":"center center","background-size":"auto","background-attachment":"scroll","background-type":"","background-media":"","overlay-type":"","overlay-color":"","overlay-opacity":"","overlay-gradient":""}},"footnotes":""},"class_list":["post-610","page","type-page","status-publish","hentry"],"aioseo_notices":[],"_links":{"self":[{"href":"https:\/\/ok.org.rs\/en\/wp-json\/wp\/v2\/pages\/610","targetHints":{"allow":["GET"]}}],"collection":[{"href":"https:\/\/ok.org.rs\/en\/wp-json\/wp\/v2\/pages"}],"about":[{"href":"https:\/\/ok.org.rs\/en\/wp-json\/wp\/v2\/types\/page"}],"author":[{"embeddable":true,"href":"https:\/\/ok.org.rs\/en\/wp-json\/wp\/v2\/users\/1"}],"replies":[{"embeddable":true,"href":"https:\/\/ok.org.rs\/en\/wp-json\/wp\/v2\/comments?post=610"}],"version-history":[{"count":25,"href":"https:\/\/ok.org.rs\/en\/wp-json\/wp\/v2\/pages\/610\/revisions"}],"predecessor-version":[{"id":1218,"href":"https:\/\/ok.org.rs\/en\/wp-json\/wp\/v2\/pages\/610\/revisions\/1218"}],"wp:attachment":[{"href":"https:\/\/ok.org.rs\/en\/wp-json\/wp\/v2\/media?parent=610"}],"curies":[{"name":"wp","href":"https:\/\/api.w.org\/{rel}","templated":true}]}}