{"id":609,"date":"2022-04-22T20:44:35","date_gmt":"2022-04-22T20:44:35","guid":{"rendered":"https:\/\/ok.org.rs\/?page_id=609"},"modified":"2022-04-23T21:40:08","modified_gmt":"2022-04-23T21:40:08","slug":"ostali-formati-debate","status":"publish","type":"page","link":"https:\/\/ok.org.rs\/en\/ostali-formati-debate\/","title":{"rendered":"Other forms of debating"},"content":{"rendered":"<div data-elementor-type=\"wp-page\" data-elementor-id=\"609\" class=\"elementor elementor-609\">\n\t\t\t\t\t\t<section class=\"elementor-section elementor-top-section elementor-element elementor-element-57cca48 elementor-section-boxed elementor-section-height-default elementor-section-height-default\" data-id=\"57cca48\" data-element_type=\"section\" data-e-type=\"section\">\n\t\t\t\t\t\t<div class=\"elementor-container elementor-column-gap-default\">\n\t\t\t\t\t<div class=\"elementor-column elementor-col-100 elementor-top-column elementor-element elementor-element-25169be\" data-id=\"25169be\" data-element_type=\"column\" data-e-type=\"column\">\n\t\t\t<div class=\"elementor-widget-wrap elementor-element-populated\">\n\t\t\t\t\t\t<div class=\"elementor-element elementor-element-835ff1e elementor-widget elementor-widget-text-editor\" data-id=\"835ff1e\" data-element_type=\"widget\" data-e-type=\"widget\" data-widget_type=\"text-editor.default\">\n\t\t\t\t<div class=\"elementor-widget-container\">\n\t\t\t\t\t\t\t\t\t<p class=\"MsoNormal\"><u><span style=\"font-size: 16.0pt; line-height: 115%;\">Karl Popper<\/span><\/u><\/p>\n<p class=\"MsoNormal\"><span style=\"font-size: 14.0pt; line-height: 115%;\">Debatni format koji se fokusira na relevantnim i \u010desto duboko podeljenim predlozima u cilju razvijanja kriti\u010dkog mi\u0161ljenja i kreiranja tolerancije prema razli\u010ditim stavovima. <\/span><span lang=\"DE\" style=\"font-size: 14.0pt; line-height: 115%; mso-ansi-language: DE;\">Da bi ispunili ovaj cilj, debateri rade u timovima koje \u010dine tri \u010dlana i moraju da istra\u017ee obe strane problema.<\/span><\/p>\n<p class=\"MsoNormal\"><u><span style=\"font-size: 16.0pt; line-height: 115%;\">Kongresna (zakonodavna) debata<\/span><\/u><\/p>\n<p class=\"MsoNormal\"><span style=\"font-size: 14.0pt; line-height: 115%;\">U ovoj vrsti debate srednjo\u0161kolci imitiraju \u010dlanove Kongresa Sjedinjenih Ameri\u010dkih Dr\u017eava. Pre doga\u0111aja, svaka \u0161kola podnosi la\u017eni zakon. Nakon \u0161to je zakon sastavljen, predaje se svakom timu koji u\u010destvuje na turniru. <\/span><span lang=\"DE\" style=\"font-size: 14.0pt; line-height: 115%; mso-ansi-language: DE;\">Svaki tim poku\u0161ava da istra\u017ei \u0161to vi\u0161e tema, sa ciljem da mo\u017ee da brani svaku stranu zakona.<\/span><\/p>\n<p class=\"MsoNormal\"><u><span style=\"font-size: 16.0pt; line-height: 115%;\">Ameri\u010dki parlamentarni format<\/span><\/u><\/p>\n<p class=\"MsoNormal\"><span style=\"font-size: 14.0pt; line-height: 115%;\">U debati u\u010destvuju dva tima od po dva debatera i govornik koji predstavlja sudiju. Jedan tim predstavlja vladu, a drugi opoziciju. Vlada se sastoji od premijera koji govori dva puta i \u010dlana vlade koji govori jednom. Opoziciju predstavljaju lider opozicije koji govori dva puta i \u010dlan opozicije koji govori jednom. Vlada predla\u017ee odre\u0111eni slu\u010daj koji mora da odbrani, opozicija ne mora ni\u0161ta da predla\u017ee ali mora da doka\u017ee da slu\u010daj vlade nije dobar. <\/span><span lang=\"DE\" style=\"font-size: 14.0pt; line-height: 115%; mso-ansi-language: DE;\">Na kraju runde sudija odre\u0111uje, prema izlo\u017eenim argumentima, koji tim je bio ubedljiviji.<\/span><\/p>\n<p class=\"MsoNormal\"><u><span lang=\"DE\" style=\"font-size: 16.0pt; line-height: 115%; mso-ansi-language: DE;\">World Schools format<\/span><\/u><\/p>\n<p><\/p>\n<p class=\"MsoNormal\"><span lang=\"DE\" style=\"font-size: 14.0pt; line-height: 115%; mso-ansi-language: DE;\">Format namenjen isklju\u010divo srednjo\u0161kolcima. Debata se sastoji od dva suprotstavljena tima, vlade i opozicije. Svaki tim ima \u010detiri \u010dlana, pri \u010demu u toku debate govore samo tri \u010dlana, dok \u010detvrti predstavlja rezervu. Sa svake strane se odr\u017eavaju po tri govora od 8 minuta i poslednji, \u010detvrti govor, koji je ograni\u010den na 4 minuta. Teme se mogu pripremati po nekoliko meseci unapred, dok se neke saznaju na samom turinir i timovi imaju sat vremena da pripreme svoje govore.<\/span><\/p>\t\t\t\t\t\t\t\t<\/div>\n\t\t\t\t<\/div>\n\t\t\t\t\t<\/div>\n\t\t<\/div>\n\t\t\t\t\t<\/div>\n\t\t<\/section>\n\t\t\t\t<\/div>","protected":false},"excerpt":{"rendered":"<p>Karl Popper Debatni format koji se fokusira na relevantnim i \u010desto duboko podeljenim predlozima u cilju razvijanja kriti\u010dkog mi\u0161ljenja i kreiranja tolerancije prema razli\u010ditim stavovima. Da bi ispunili ovaj cilj, debateri rade u timovima koje \u010dine tri \u010dlana i moraju da istra\u017ee obe strane problema. Kongresna (zakonodavna) debata U ovoj vrsti debate srednjo\u0161kolci imitiraju \u010dlanove [&hellip;]<\/p>\n","protected":false},"author":1,"featured_media":0,"parent":0,"menu_order":0,"comment_status":"closed","ping_status":"closed","template":"","meta":{"om_disable_all_campaigns":false,"_monsterinsights_skip_tracking":false,"_monsterinsights_sitenote_active":false,"_monsterinsights_sitenote_note":"","_monsterinsights_sitenote_category":0,"site-sidebar-layout":"no-sidebar","site-content-layout":"page-builder","ast-site-content-layout":"default","site-content-style":"default","site-sidebar-style":"default","ast-global-header-display":"","ast-banner-title-visibility":"","ast-main-header-display":"","ast-hfb-above-header-display":"","ast-hfb-below-header-display":"","ast-hfb-mobile-header-display":"","site-post-title":"disabled","ast-breadcrumbs-content":"","ast-featured-img":"disabled","footer-sml-layout":"","ast-disable-related-posts":"","theme-transparent-header-meta":"","adv-header-id-meta":"","stick-header-meta":"","header-above-stick-meta":"","header-main-stick-meta":"","header-below-stick-meta":"","astra-migrate-meta-layouts":"default","ast-page-background-enabled":"default","ast-page-background-meta":{"desktop":{"background-color":"","background-image":"","background-repeat":"repeat","background-position":"center center","background-size":"auto","background-attachment":"scroll","background-type":"","background-media":"","overlay-type":"","overlay-color":"","overlay-opacity":"","overlay-gradient":""},"tablet":{"background-color":"","background-image":"","background-repeat":"repeat","background-position":"center center","background-size":"auto","background-attachment":"scroll","background-type":"","background-media":"","overlay-type":"","overlay-color":"","overlay-opacity":"","overlay-gradient":""},"mobile":{"background-color":"","background-image":"","background-repeat":"repeat","background-position":"center center","background-size":"auto","background-attachment":"scroll","background-type":"","background-media":"","overlay-type":"","overlay-color":"","overlay-opacity":"","overlay-gradient":""}},"ast-content-background-meta":{"desktop":{"background-color":"var(--ast-global-color-5)","background-image":"","background-repeat":"repeat","background-position":"center center","background-size":"auto","background-attachment":"scroll","background-type":"","background-media":"","overlay-type":"","overlay-color":"","overlay-opacity":"","overlay-gradient":""},"tablet":{"background-color":"var(--ast-global-color-5)","background-image":"","background-repeat":"repeat","background-position":"center center","background-size":"auto","background-attachment":"scroll","background-type":"","background-media":"","overlay-type":"","overlay-color":"","overlay-opacity":"","overlay-gradient":""},"mobile":{"background-color":"var(--ast-global-color-5)","background-image":"","background-repeat":"repeat","background-position":"center center","background-size":"auto","background-attachment":"scroll","background-type":"","background-media":"","overlay-type":"","overlay-color":"","overlay-opacity":"","overlay-gradient":""}},"footnotes":""},"class_list":["post-609","page","type-page","status-publish","hentry"],"aioseo_notices":[],"_links":{"self":[{"href":"https:\/\/ok.org.rs\/en\/wp-json\/wp\/v2\/pages\/609","targetHints":{"allow":["GET"]}}],"collection":[{"href":"https:\/\/ok.org.rs\/en\/wp-json\/wp\/v2\/pages"}],"about":[{"href":"https:\/\/ok.org.rs\/en\/wp-json\/wp\/v2\/types\/page"}],"author":[{"embeddable":true,"href":"https:\/\/ok.org.rs\/en\/wp-json\/wp\/v2\/users\/1"}],"replies":[{"embeddable":true,"href":"https:\/\/ok.org.rs\/en\/wp-json\/wp\/v2\/comments?post=609"}],"version-history":[{"count":7,"href":"https:\/\/ok.org.rs\/en\/wp-json\/wp\/v2\/pages\/609\/revisions"}],"predecessor-version":[{"id":875,"href":"https:\/\/ok.org.rs\/en\/wp-json\/wp\/v2\/pages\/609\/revisions\/875"}],"wp:attachment":[{"href":"https:\/\/ok.org.rs\/en\/wp-json\/wp\/v2\/media?parent=609"}],"curies":[{"name":"wp","href":"https:\/\/api.w.org\/{rel}","templated":true}]}}