{"id":607,"date":"2022-04-22T20:44:34","date_gmt":"2022-04-22T20:44:34","guid":{"rendered":"https:\/\/ok.org.rs\/?page_id=607"},"modified":"2022-04-23T21:43:23","modified_gmt":"2022-04-23T21:43:23","slug":"bp-sistem","status":"publish","type":"page","link":"https:\/\/ok.org.rs\/en\/bp-sistem\/","title":{"rendered":"BP system"},"content":{"rendered":"<div data-elementor-type=\"wp-page\" data-elementor-id=\"607\" class=\"elementor elementor-607\">\n\t\t\t\t\t\t<section class=\"elementor-section elementor-top-section elementor-element elementor-element-95a1a65 elementor-section-boxed elementor-section-height-default elementor-section-height-default\" data-id=\"95a1a65\" data-element_type=\"section\" data-e-type=\"section\">\n\t\t\t\t\t\t<div class=\"elementor-container elementor-column-gap-default\">\n\t\t\t\t\t<div class=\"elementor-column elementor-col-100 elementor-top-column elementor-element elementor-element-b89fe96\" data-id=\"b89fe96\" data-element_type=\"column\" data-e-type=\"column\">\n\t\t\t<div class=\"elementor-widget-wrap elementor-element-populated\">\n\t\t\t\t\t\t<div class=\"elementor-element elementor-element-8fd25d4 elementor-widget elementor-widget-text-editor\" data-id=\"8fd25d4\" data-element_type=\"widget\" data-e-type=\"widget\" data-widget_type=\"text-editor.default\">\n\t\t\t\t<div class=\"elementor-widget-container\">\n\t\t\t\t\t\t\t\t\t<p class=\"MsoNormal\"><span style=\"font-size: 14.0pt; line-height: 115%;\">Otvorena komunikacija i njeni debatni klubovi debatuju po Britanskom parlamentarnom sistemu ili skra\u0107eno BP sistem. U debati postoje 4 tima i svaki ima svoju ulogu, a svaki tim se sastoji od 2 \u010dlana. <\/span><\/p>\n<p class=\"MsoNormal\"><span style=\"font-size: 14.0pt; line-height: 115%;\">Uloge timova:<\/span><\/p>\n<p class=\"MsoNormal\"><span style=\"font-size: 14.0pt; line-height: 115%;\"><b>&nbsp; &nbsp; &nbsp;Prva vlada<br><\/b>1. govornik prve vlade je premijer, njegova uloga je da postavi osnovu debate &nbsp;i da iznese slu\u010daj(definiciju- o \u010demu se debatuje, predlog- plan debate i argumente).<br>2. govornik prve vlade je zamenik premijera, njegova uloga je da brani slu\u010daj vlade, da ga pobolj\u0161a i produbi sa novim analizama i argumentima i da napada argumente koje je iznela opozicija.<\/span><\/p>\n<p class=\"MsoNormal\"><span style=\"font-size: 14.0pt; line-height: 115%;\">&nbsp; &nbsp;<b> &nbsp;Prva opozicija<\/b><br>1. govornik prve opozicije je lider opozicije, ima ulogu da iznese argumente protiv slu\u010daja prve vlade i time poka\u017ee njihove slabe ta\u010dke, ali i da iznese argumente opozicije na datu temu.<br>2. govornik prve opozicije je zamenik lidera opozicije, ima ulogu da pobija argumente prve vlade i&nbsp; da razradi slu\u010daj prve opozicije.<\/span><\/p>\n<p class=\"MsoNormal\"><span style=\"font-size: 14.0pt; line-height: 115%;\">&nbsp; &nbsp; &nbsp;<b>Druga vlada<\/b><br>1. govornik druge vlade iznosi slu\u010daj svog tima, to se naziva ekstenzija, on treba da iznese argument&nbsp; ili analizu koja se do sada u debati nije spominjala.<br>2. govornik druge vlade se tako\u0111e naziva i sumiraju\u0107i govornik, on je zavr\u0161ni govornik vlade i ne bi trebalo da iznosi nikakav novi materijal, nego da sumira ono \u0161to se desilo kroz ta\u010dke sukoba i kroz to objasni za\u0161to je vlada imala prednosti.<\/span><\/p>\n<p class=\"MsoNormal\"><span style=\"font-size: 14.0pt; line-height: 115%;\">&nbsp;<b> &nbsp; &nbsp;Druga opozicija<\/b><br>1. govornik druge opozicije pobija ekstenziju druge vlade, i iznosi svoj slu\u010daj na strani opozicije.<br>2. govornik druge opozicije sumira celu debatu, tako\u0111e kao i drugi govornik druge vlade ne sme unositi nov materijal, sme samo da zaklju\u010di debatu i objasni za\u0161to je njegova strana pobedila.<\/span><\/p>\t\t\t\t\t\t\t\t<\/div>\n\t\t\t\t<\/div>\n\t\t\t\t\t<\/div>\n\t\t<\/div>\n\t\t\t\t\t<\/div>\n\t\t<\/section>\n\t\t\t\t<\/div>","protected":false},"excerpt":{"rendered":"<p>Otvorena komunikacija i njeni debatni klubovi debatuju po Britanskom parlamentarnom sistemu ili skra\u0107eno BP sistem. U debati postoje 4 tima i svaki ima svoju ulogu, a svaki tim se sastoji od 2 \u010dlana. Uloge timova: &nbsp; &nbsp; &nbsp;Prva vlada1. govornik prve vlade je premijer, njegova uloga je da postavi osnovu debate &nbsp;i da iznese slu\u010daj(definiciju- [&hellip;]<\/p>\n","protected":false},"author":1,"featured_media":0,"parent":0,"menu_order":0,"comment_status":"closed","ping_status":"closed","template":"","meta":{"om_disable_all_campaigns":false,"_monsterinsights_skip_tracking":false,"_monsterinsights_sitenote_active":false,"_monsterinsights_sitenote_note":"","_monsterinsights_sitenote_category":0,"site-sidebar-layout":"no-sidebar","site-content-layout":"page-builder","ast-site-content-layout":"default","site-content-style":"default","site-sidebar-style":"default","ast-global-header-display":"","ast-banner-title-visibility":"","ast-main-header-display":"","ast-hfb-above-header-display":"","ast-hfb-below-header-display":"","ast-hfb-mobile-header-display":"","site-post-title":"disabled","ast-breadcrumbs-content":"","ast-featured-img":"disabled","footer-sml-layout":"","ast-disable-related-posts":"","theme-transparent-header-meta":"","adv-header-id-meta":"","stick-header-meta":"","header-above-stick-meta":"","header-main-stick-meta":"","header-below-stick-meta":"","astra-migrate-meta-layouts":"default","ast-page-background-enabled":"default","ast-page-background-meta":{"desktop":{"background-color":"","background-image":"","background-repeat":"repeat","background-position":"center center","background-size":"auto","background-attachment":"scroll","background-type":"","background-media":"","overlay-type":"","overlay-color":"","overlay-opacity":"","overlay-gradient":""},"tablet":{"background-color":"","background-image":"","background-repeat":"repeat","background-position":"center center","background-size":"auto","background-attachment":"scroll","background-type":"","background-media":"","overlay-type":"","overlay-color":"","overlay-opacity":"","overlay-gradient":""},"mobile":{"background-color":"","background-image":"","background-repeat":"repeat","background-position":"center center","background-size":"auto","background-attachment":"scroll","background-type":"","background-media":"","overlay-type":"","overlay-color":"","overlay-opacity":"","overlay-gradient":""}},"ast-content-background-meta":{"desktop":{"background-color":"var(--ast-global-color-5)","background-image":"","background-repeat":"repeat","background-position":"center center","background-size":"auto","background-attachment":"scroll","background-type":"","background-media":"","overlay-type":"","overlay-color":"","overlay-opacity":"","overlay-gradient":""},"tablet":{"background-color":"var(--ast-global-color-5)","background-image":"","background-repeat":"repeat","background-position":"center center","background-size":"auto","background-attachment":"scroll","background-type":"","background-media":"","overlay-type":"","overlay-color":"","overlay-opacity":"","overlay-gradient":""},"mobile":{"background-color":"var(--ast-global-color-5)","background-image":"","background-repeat":"repeat","background-position":"center center","background-size":"auto","background-attachment":"scroll","background-type":"","background-media":"","overlay-type":"","overlay-color":"","overlay-opacity":"","overlay-gradient":""}},"footnotes":""},"class_list":["post-607","page","type-page","status-publish","hentry"],"aioseo_notices":[],"_links":{"self":[{"href":"https:\/\/ok.org.rs\/en\/wp-json\/wp\/v2\/pages\/607","targetHints":{"allow":["GET"]}}],"collection":[{"href":"https:\/\/ok.org.rs\/en\/wp-json\/wp\/v2\/pages"}],"about":[{"href":"https:\/\/ok.org.rs\/en\/wp-json\/wp\/v2\/types\/page"}],"author":[{"embeddable":true,"href":"https:\/\/ok.org.rs\/en\/wp-json\/wp\/v2\/users\/1"}],"replies":[{"embeddable":true,"href":"https:\/\/ok.org.rs\/en\/wp-json\/wp\/v2\/comments?post=607"}],"version-history":[{"count":10,"href":"https:\/\/ok.org.rs\/en\/wp-json\/wp\/v2\/pages\/607\/revisions"}],"predecessor-version":[{"id":881,"href":"https:\/\/ok.org.rs\/en\/wp-json\/wp\/v2\/pages\/607\/revisions\/881"}],"wp:attachment":[{"href":"https:\/\/ok.org.rs\/en\/wp-json\/wp\/v2\/media?parent=607"}],"curies":[{"name":"wp","href":"https:\/\/api.w.org\/{rel}","templated":true}]}}