{"id":605,"date":"2022-04-22T20:44:34","date_gmt":"2022-04-22T20:44:34","guid":{"rendered":"https:\/\/ok.org.rs\/?page_id=605"},"modified":"2022-04-23T21:44:22","modified_gmt":"2022-04-23T21:44:22","slug":"debatni-turniri","status":"publish","type":"page","link":"https:\/\/ok.org.rs\/en\/debatni-turniri\/","title":{"rendered":"Debate tournaments"},"content":{"rendered":"<div data-elementor-type=\"wp-page\" data-elementor-id=\"605\" class=\"elementor elementor-605\">\n\t\t\t\t\t\t<section class=\"elementor-section elementor-top-section elementor-element elementor-element-88bcc87 elementor-section-boxed elementor-section-height-default elementor-section-height-default\" data-id=\"88bcc87\" data-element_type=\"section\" data-e-type=\"section\">\n\t\t\t\t\t\t<div class=\"elementor-container elementor-column-gap-default\">\n\t\t\t\t\t<div class=\"elementor-column elementor-col-100 elementor-top-column elementor-element elementor-element-60cb13d\" data-id=\"60cb13d\" data-element_type=\"column\" data-e-type=\"column\">\n\t\t\t<div class=\"elementor-widget-wrap elementor-element-populated\">\n\t\t\t\t\t\t<div class=\"elementor-element elementor-element-8bbcd2c elementor-widget elementor-widget-text-editor\" data-id=\"8bbcd2c\" data-element_type=\"widget\" data-e-type=\"widget\" data-widget_type=\"text-editor.default\">\n\t\t\t\t<div class=\"elementor-widget-container\">\n\t\t\t\t\t\t\t\t\t<p class=\"MsoNormal\" style=\"text-align: justify;\"><b><u><span style=\"font-size: 14.0pt; line-height: 107%; mso-ascii-font-family: Calibri; mso-fareast-font-family: Calibri; mso-hansi-font-family: Calibri; mso-bidi-font-family: Calibri;\">Decembarac<\/span><\/u><\/b><span style=\"font-size: 14.0pt; line-height: 107%; mso-ascii-font-family: Calibri; mso-fareast-font-family: Calibri; mso-hansi-font-family: Calibri; mso-bidi-font-family: Calibri;\"> je debatni turnir u organizaciji Debatnog kluba Pravnog fakulteta. Ovo je turnir za po\u010detnike, koji se tradicionalno odr\u017eava svake godine sredinom decembra na Pravnom fakultetu u Beogradu. Pravo uce\u0161\u0107a na turniru imaju debateri koji u to vreme poha\u0111aju po\u010detni kurs debate.<\/span><\/p>\n<p class=\"MsoNormal\" style=\"text-align: justify;\"><b><u><span style=\"font-size: 14.0pt; line-height: 107%; mso-ascii-font-family: Calibri; mso-fareast-font-family: Calibri; mso-hansi-font-family: Calibri; mso-bidi-font-family: Calibri;\">Monopol<\/span><\/u><\/b><span style=\"font-size: 14.0pt; line-height: 107%; mso-ascii-font-family: Calibri; mso-fareast-font-family: Calibri; mso-hansi-font-family: Calibri; mso-bidi-font-family: Calibri;\"> je debatni turnir koji se odr\u017eava svake godine u aprilu na Ekonomskom fakultetu u Beogradu, a u organizaciji Debatnog kluba Ekonomskog fakulteta. Ovaj turnir je tako\u0111e 2016. godine imao i srednjo\u0161kolsko finale zbog velikog interesovanja debatera koji poha\u0111aju srednju \u0161kolu.<\/span><\/p>\n<p class=\"MsoNormal\" style=\"text-align: justify;\"><b><u><span style=\"font-size: 14.0pt; line-height: 107%; mso-ascii-font-family: Calibri; mso-fareast-font-family: Calibri; mso-hansi-font-family: Calibri; mso-bidi-font-family: Calibri;\">Deni Krejn<\/span><\/u><\/b><span style=\"font-size: 14.0pt; line-height: 107%; mso-ascii-font-family: Calibri; mso-fareast-font-family: Calibri; mso-hansi-font-family: Calibri; mso-bidi-font-family: Calibri;\"> je debatni turnir koji organizuje Debatni klub Fakulteta politi\u010dkih nauka, odr\u017eava se svake godine u maju mesecu, a 2017. godine je proslavio jubilej &#8211; deceniju kontinuiranog odr\u017eavanja. Tako\u0111e, na ovom turniru postoji i <i>novice<\/i> <i>finale<\/i>, odnosno finale za po\u010detnike u debati.<\/span><\/p>\n<p class=\"MsoNormal\" style=\"text-align: justify;\"><b><u><span lang=\"DE\" style=\"font-size: 14.0pt; line-height: 107%; mso-ascii-font-family: Calibri; mso-fareast-font-family: Calibri; mso-hansi-font-family: Calibri; mso-bidi-font-family: Calibri; mso-ansi-language: DE;\">Middle Man<\/span><\/u><\/b><span lang=\"DE\" style=\"font-size: 14.0pt; line-height: 107%; mso-ascii-font-family: Calibri; mso-fareast-font-family: Calibri; mso-hansi-font-family: Calibri; mso-bidi-font-family: Calibri; mso-ansi-language: DE;\"> je debatni turnir koji organizuje Debatni klub Fakulteta organizacionih nauka. Turnir je na engleskom jeziku i predstavlja prelaz od po\u010detnog kursa, koji se odr\u017eava na srpskom jeziku, ka srednjem kursu, koji se odr\u017eava na engleskom jeziku i predstavlja pripremu za po\u010detak u\u010de\u0161\u0107a na me\u0111unarodnim turnirima.<\/span><\/p>\n<p class=\"MsoNormal\" style=\"text-align: justify;\"><b><u><span lang=\"DE\" style=\"font-size: 14.0pt; line-height: 107%; mso-ascii-font-family: Calibri; mso-fareast-font-family: Calibri; mso-hansi-font-family: Calibri; mso-bidi-font-family: Calibri; mso-ansi-language: DE;\">Belgrade Open<\/span><\/u><\/b><span lang=\"DE\" style=\"font-size: 14.0pt; line-height: 107%; mso-ascii-font-family: Calibri; mso-fareast-font-family: Calibri; mso-hansi-font-family: Calibri; mso-bidi-font-family: Calibri; mso-ansi-language: DE;\"> je me\u0111unarodni turnir koji se odr\u017eava svake godine na Pravnom fakultetu Univerziteta u Beogradu. Najve\u0107i debatni turnir u Srbiji, zbog \u010dega privla\u010di debatere iz regiona, Evrope kao i celog sveta. Turnir se odr\u017eava neposredno pre Evropskog debatnog prvenstva, zbog \u010dega predstavlja odli\u010dnu pripremu za najve\u0107e takmi\u010denje u svetu debate.<\/span><\/p>\n<p class=\"MsoNormal\" style=\"text-align: justify;\"><b><u><span lang=\"DE\" style=\"font-size: 14.0pt; line-height: 107%; mso-ascii-font-family: Calibri; mso-fareast-font-family: Calibri; mso-hansi-font-family: Calibri; mso-bidi-font-family: Calibri; mso-ansi-language: DE;\">Letnji Debatni kamp<\/span><\/u><\/b><span lang=\"DE\" style=\"font-size: 14.0pt; line-height: 107%; mso-ascii-font-family: Calibri; mso-fareast-font-family: Calibri; mso-hansi-font-family: Calibri; mso-bidi-font-family: Calibri; mso-ansi-language: DE;\"> je petodnevni kurs debate, na kojem u\u010desnici mogu da unaprede svoje ve\u0161tine debatovanja, kao i da pro\u0111u niz tematskih radionica, na kojima mogu ste\u0107i neophodna znanja iz razli\u010ditih oblasti, kao \u0161to su ekonomija, feminizam, me\u0111unarodni odnosi, geopolitika i sli\u010dno. Kamp se zavr\u0161ava turnirom, na kojem u\u010desnici imaju mogu\u0107nost da testiraju ste\u010dena znanja i ve\u0161tine.<\/span><\/p>\n<p><\/p>\n<p class=\"MsoNormal\" style=\"text-align: justify;\"><span lang=\"DE\" style=\"font-size: 14.0pt; line-height: 107%; mso-ascii-font-family: Calibri; mso-fareast-font-family: Calibri; mso-hansi-font-family: Calibri; mso-bidi-font-family: Calibri; mso-ansi-language: DE;\">Tokom godine se takode odr\u017eavaju razliciti srednjo\u0161kolski turniri u Prvoj beogradskoj gimnaziji, Trecoj beogradskoj gimnaziji, Gimnaziji &#8222;Sveti Sava&#8220;, Devetoj beogradskoj gimnaziji i \u010cetrnaestoj beogradskoj gimnaziji. Srednjo\u0161kolci imaju priliku da debatuju protiv svojih vr\u0161njaka, kao i da sklope nova prijateljstva.<\/span><\/p>\t\t\t\t\t\t\t\t<\/div>\n\t\t\t\t<\/div>\n\t\t\t\t\t<\/div>\n\t\t<\/div>\n\t\t\t\t\t<\/div>\n\t\t<\/section>\n\t\t\t\t<\/div>","protected":false},"excerpt":{"rendered":"<p>Decembarac je debatni turnir u organizaciji Debatnog kluba Pravnog fakulteta. Ovo je turnir za po\u010detnike, koji se tradicionalno odr\u017eava svake godine sredinom decembra na Pravnom fakultetu u Beogradu. Pravo uce\u0161\u0107a na turniru imaju debateri koji u to vreme poha\u0111aju po\u010detni kurs debate. Monopol je debatni turnir koji se odr\u017eava svake godine u aprilu na Ekonomskom [&hellip;]<\/p>\n","protected":false},"author":1,"featured_media":0,"parent":0,"menu_order":0,"comment_status":"closed","ping_status":"closed","template":"","meta":{"om_disable_all_campaigns":false,"_monsterinsights_skip_tracking":false,"_monsterinsights_sitenote_active":false,"_monsterinsights_sitenote_note":"","_monsterinsights_sitenote_category":0,"site-sidebar-layout":"no-sidebar","site-content-layout":"page-builder","ast-site-content-layout":"default","site-content-style":"default","site-sidebar-style":"default","ast-global-header-display":"","ast-banner-title-visibility":"","ast-main-header-display":"","ast-hfb-above-header-display":"","ast-hfb-below-header-display":"","ast-hfb-mobile-header-display":"","site-post-title":"disabled","ast-breadcrumbs-content":"","ast-featured-img":"disabled","footer-sml-layout":"","ast-disable-related-posts":"","theme-transparent-header-meta":"","adv-header-id-meta":"","stick-header-meta":"","header-above-stick-meta":"","header-main-stick-meta":"","header-below-stick-meta":"","astra-migrate-meta-layouts":"default","ast-page-background-enabled":"default","ast-page-background-meta":{"desktop":{"background-color":"","background-image":"","background-repeat":"repeat","background-position":"center center","background-size":"auto","background-attachment":"scroll","background-type":"","background-media":"","overlay-type":"","overlay-color":"","overlay-opacity":"","overlay-gradient":""},"tablet":{"background-color":"","background-image":"","background-repeat":"repeat","background-position":"center center","background-size":"auto","background-attachment":"scroll","background-type":"","background-media":"","overlay-type":"","overlay-color":"","overlay-opacity":"","overlay-gradient":""},"mobile":{"background-color":"","background-image":"","background-repeat":"repeat","background-position":"center center","background-size":"auto","background-attachment":"scroll","background-type":"","background-media":"","overlay-type":"","overlay-color":"","overlay-opacity":"","overlay-gradient":""}},"ast-content-background-meta":{"desktop":{"background-color":"var(--ast-global-color-5)","background-image":"","background-repeat":"repeat","background-position":"center center","background-size":"auto","background-attachment":"scroll","background-type":"","background-media":"","overlay-type":"","overlay-color":"","overlay-opacity":"","overlay-gradient":""},"tablet":{"background-color":"var(--ast-global-color-5)","background-image":"","background-repeat":"repeat","background-position":"center center","background-size":"auto","background-attachment":"scroll","background-type":"","background-media":"","overlay-type":"","overlay-color":"","overlay-opacity":"","overlay-gradient":""},"mobile":{"background-color":"var(--ast-global-color-5)","background-image":"","background-repeat":"repeat","background-position":"center center","background-size":"auto","background-attachment":"scroll","background-type":"","background-media":"","overlay-type":"","overlay-color":"","overlay-opacity":"","overlay-gradient":""}},"footnotes":""},"class_list":["post-605","page","type-page","status-publish","hentry"],"aioseo_notices":[],"_links":{"self":[{"href":"https:\/\/ok.org.rs\/en\/wp-json\/wp\/v2\/pages\/605","targetHints":{"allow":["GET"]}}],"collection":[{"href":"https:\/\/ok.org.rs\/en\/wp-json\/wp\/v2\/pages"}],"about":[{"href":"https:\/\/ok.org.rs\/en\/wp-json\/wp\/v2\/types\/page"}],"author":[{"embeddable":true,"href":"https:\/\/ok.org.rs\/en\/wp-json\/wp\/v2\/users\/1"}],"replies":[{"embeddable":true,"href":"https:\/\/ok.org.rs\/en\/wp-json\/wp\/v2\/comments?post=605"}],"version-history":[{"count":17,"href":"https:\/\/ok.org.rs\/en\/wp-json\/wp\/v2\/pages\/605\/revisions"}],"predecessor-version":[{"id":884,"href":"https:\/\/ok.org.rs\/en\/wp-json\/wp\/v2\/pages\/605\/revisions\/884"}],"wp:attachment":[{"href":"https:\/\/ok.org.rs\/en\/wp-json\/wp\/v2\/media?parent=605"}],"curies":[{"name":"wp","href":"https:\/\/api.w.org\/{rel}","templated":true}]}}