{"id":602,"date":"2022-04-22T20:44:34","date_gmt":"2022-04-22T20:44:34","guid":{"rendered":"https:\/\/ok.org.rs\/?page_id=602"},"modified":"2022-04-23T22:15:49","modified_gmt":"2022-04-23T22:15:49","slug":"primena-debate-kao-nastavnog-metoda","status":"publish","type":"page","link":"https:\/\/ok.org.rs\/en\/primena-debate-kao-nastavnog-metoda\/","title":{"rendered":"Application of debate as a teaching method"},"content":{"rendered":"<div data-elementor-type=\"wp-page\" data-elementor-id=\"602\" class=\"elementor elementor-602\">\n\t\t\t\t\t\t<section class=\"elementor-section elementor-top-section elementor-element elementor-element-20acc16 elementor-section-boxed elementor-section-height-default elementor-section-height-default\" data-id=\"20acc16\" data-element_type=\"section\" data-e-type=\"section\">\n\t\t\t\t\t\t<div class=\"elementor-container elementor-column-gap-default\">\n\t\t\t\t\t<div class=\"elementor-column elementor-col-100 elementor-top-column elementor-element elementor-element-9d24a15\" data-id=\"9d24a15\" data-element_type=\"column\" data-e-type=\"column\">\n\t\t\t<div class=\"elementor-widget-wrap elementor-element-populated\">\n\t\t\t\t\t\t<div class=\"elementor-element elementor-element-0c944a6 elementor-widget elementor-widget-heading\" data-id=\"0c944a6\" data-element_type=\"widget\" data-e-type=\"widget\" data-widget_type=\"heading.default\">\n\t\t\t\t<div class=\"elementor-widget-container\">\n\t\t\t\t\t<h2 class=\"elementor-heading-title elementor-size-default\"><h2 class=\"elementor-heading-title elementor-size-default elementor-inline-editing pen\" data-elementor-setting-key=\"title\" data-pen-placeholder=\"Type Here...\" style=\"font-style: normal\">PRIMENA DEBATE KAO<\/h2><h2 class=\"elementor-heading-title elementor-size-default elementor-inline-editing pen\" data-elementor-setting-key=\"title\" data-pen-placeholder=\"Type Here...\" style=\"font-style: normal\">NASTAVNOG METODA<\/h2><\/h2>\t\t\t\t<\/div>\n\t\t\t\t<\/div>\n\t\t\t\t<div class=\"elementor-element elementor-element-186adf4 elementor-widget elementor-widget-text-editor\" data-id=\"186adf4\" data-element_type=\"widget\" data-e-type=\"widget\" data-widget_type=\"text-editor.default\">\n\t\t\t\t<div class=\"elementor-widget-container\">\n\t\t\t\t\t\t\t\t\t<span style=\"font-size: 12.0pt; line-height: 107%; mso-ascii-font-family: Calibri; mso-fareast-font-family: Calibri; mso-hansi-font-family: Calibri; mso-bidi-font-family: Calibri;\">&#8222;Primena debate kao nastavnog metoda u nastavi i u\u010denju&#8220; je seminar akreditovan od strane Zavoda za unapre\u0111enje obrazovanja i vaspitanja. Realizatori seminara su treneri debatne akademske mre\u017ee Otvorena komunikacija sa vi\u0161egodi\u0161njim iskustvom. A dugoro\u010dni cilj na\u0161e organizacije jeste institucionalizacija debate kao nastavnog metoda i njena implementacija u srednjo\u0161kolsko i visoko\u0161kolsko obrazovanje.<\/span>\n<p class=\"MsoNormal\"><span style=\"font-size: 12.0pt; line-height: 107%; mso-ascii-font-family: Calibri; mso-fareast-font-family: Calibri; mso-hansi-font-family: Calibri; mso-bidi-font-family: Calibri;\">Jedan od ciljeva seminara jeste da obu\u010di nastavnike i profesore da u okviru nastave pomognu \u0111acima da nau\u010de tehnike debate i javnog nastupa i da kod njih kroz u\u010denje podsti\u010du kriti\u010dko mi\u0161ljenje. Nastavnici kroz seminar u\u010de kako da prepoznaju deo gradiva koji mo\u017ee biti savladan kroz debatu i kako da to primene u u\u010dionici. Dugoro\u010dni cilj seminara je umre\u017eavanje nastavnika koji ce mo\u0107i da me\u0111usobno sa realizatorima seminara razmenjuju iskustva i tra\u017ee savete u vezi sa primenom debate u nastavi i u\u010denju.<\/span><\/p>\n<p class=\"MsoNormal\"><span style=\"font-size: 12.0pt; line-height: 107%; mso-ascii-font-family: Calibri; mso-fareast-font-family: Calibri; mso-hansi-font-family: Calibri; mso-bidi-font-family: Calibri;\">Prvi deo seminara posve\u0107en je op\u0161tim pojmovima o debati &#8211; izgradnji i pobijanju argumentacije, izgradnji debatnog slu\u010daja, pripremi za debatu, debatnim formatima, pravilima i su\u0111enju debate.<\/span><\/p>\n<p class=\"MsoNormal\"><span style=\"font-size: 12.0pt; line-height: 107%; mso-ascii-font-family: Calibri; mso-fareast-font-family: Calibri; mso-hansi-font-family: Calibri; mso-bidi-font-family: Calibri;\">Drugi deo seminara se bavi primenom debate u nastavi i tu se u\u010desnici obu\u010davaju kako da u okviru nastavnog programa primene elemente debate i kako da osnuju i odr\u017eavaju debatne radionice ili debatni klub. Na seminarima se prioritizuje prakti\u010dna primena debate u nastavi u odnosu na teoriju.<\/span><\/p>\t\t\t\t\t\t\t\t<\/div>\n\t\t\t\t<\/div>\n\t\t\t\t\t<\/div>\n\t\t<\/div>\n\t\t\t\t\t<\/div>\n\t\t<\/section>\n\t\t\t\t<section class=\"elementor-section elementor-top-section elementor-element elementor-element-1e63b6f elementor-section-boxed elementor-section-height-default elementor-section-height-default\" data-id=\"1e63b6f\" data-element_type=\"section\" data-e-type=\"section\">\n\t\t\t\t\t\t<div class=\"elementor-container elementor-column-gap-default\">\n\t\t\t\t\t<div class=\"elementor-column elementor-col-100 elementor-top-column elementor-element elementor-element-1494411\" data-id=\"1494411\" data-element_type=\"column\" data-e-type=\"column\">\n\t\t\t<div class=\"elementor-widget-wrap elementor-element-populated\">\n\t\t\t\t\t\t<div class=\"elementor-element elementor-element-8e139d0 elementor-align-center elementor-widget elementor-widget-button\" data-id=\"8e139d0\" data-element_type=\"widget\" data-e-type=\"widget\" data-widget_type=\"button.default\">\n\t\t\t\t<div class=\"elementor-widget-container\">\n\t\t\t\t\t\t\t\t\t<div class=\"elementor-button-wrapper\">\n\t\t\t\t\t<a class=\"elementor-button elementor-button-link elementor-size-sm\" href=\"https:\/\/zuov-katalog.rs\/index.php?action=page\/catalog\/view&#038;id=1479\" target=\"_blank\">\n\t\t\t\t\t\t<span class=\"elementor-button-content-wrapper\">\n\t\t\t\t\t\t\t\t\t<span class=\"elementor-button-text\">Find out more<\/span>\n\t\t\t\t\t<\/span>\n\t\t\t\t\t<\/a>\n\t\t\t\t<\/div>\n\t\t\t\t\t\t\t\t<\/div>\n\t\t\t\t<\/div>\n\t\t\t\t\t<\/div>\n\t\t<\/div>\n\t\t\t\t\t<\/div>\n\t\t<\/section>\n\t\t\t\t<\/div>","protected":false},"excerpt":{"rendered":"<p>PRIMENA DEBATE KAO NASTAVNOG METODA &#8222;Primena debate kao nastavnog metoda u nastavi i u\u010denju&#8220; je seminar akreditovan od strane Zavoda za unapre\u0111enje obrazovanja i vaspitanja. Realizatori seminara su treneri debatne akademske mre\u017ee Otvorena komunikacija sa vi\u0161egodi\u0161njim iskustvom. A dugoro\u010dni cilj na\u0161e organizacije jeste institucionalizacija debate kao nastavnog metoda i njena implementacija u srednjo\u0161kolsko i visoko\u0161kolsko [&hellip;]<\/p>\n","protected":false},"author":1,"featured_media":0,"parent":0,"menu_order":0,"comment_status":"closed","ping_status":"closed","template":"","meta":{"om_disable_all_campaigns":false,"_monsterinsights_skip_tracking":false,"_monsterinsights_sitenote_active":false,"_monsterinsights_sitenote_note":"","_monsterinsights_sitenote_category":0,"site-sidebar-layout":"no-sidebar","site-content-layout":"page-builder","ast-site-content-layout":"default","site-content-style":"default","site-sidebar-style":"default","ast-global-header-display":"","ast-banner-title-visibility":"","ast-main-header-display":"","ast-hfb-above-header-display":"","ast-hfb-below-header-display":"","ast-hfb-mobile-header-display":"","site-post-title":"disabled","ast-breadcrumbs-content":"","ast-featured-img":"disabled","footer-sml-layout":"","ast-disable-related-posts":"","theme-transparent-header-meta":"","adv-header-id-meta":"","stick-header-meta":"","header-above-stick-meta":"","header-main-stick-meta":"","header-below-stick-meta":"","astra-migrate-meta-layouts":"default","ast-page-background-enabled":"default","ast-page-background-meta":{"desktop":{"background-color":"","background-image":"","background-repeat":"repeat","background-position":"center center","background-size":"auto","background-attachment":"scroll","background-type":"","background-media":"","overlay-type":"","overlay-color":"","overlay-opacity":"","overlay-gradient":""},"tablet":{"background-color":"","background-image":"","background-repeat":"repeat","background-position":"center center","background-size":"auto","background-attachment":"scroll","background-type":"","background-media":"","overlay-type":"","overlay-color":"","overlay-opacity":"","overlay-gradient":""},"mobile":{"background-color":"","background-image":"","background-repeat":"repeat","background-position":"center center","background-size":"auto","background-attachment":"scroll","background-type":"","background-media":"","overlay-type":"","overlay-color":"","overlay-opacity":"","overlay-gradient":""}},"ast-content-background-meta":{"desktop":{"background-color":"var(--ast-global-color-5)","background-image":"","background-repeat":"repeat","background-position":"center center","background-size":"auto","background-attachment":"scroll","background-type":"","background-media":"","overlay-type":"","overlay-color":"","overlay-opacity":"","overlay-gradient":""},"tablet":{"background-color":"var(--ast-global-color-5)","background-image":"","background-repeat":"repeat","background-position":"center center","background-size":"auto","background-attachment":"scroll","background-type":"","background-media":"","overlay-type":"","overlay-color":"","overlay-opacity":"","overlay-gradient":""},"mobile":{"background-color":"var(--ast-global-color-5)","background-image":"","background-repeat":"repeat","background-position":"center center","background-size":"auto","background-attachment":"scroll","background-type":"","background-media":"","overlay-type":"","overlay-color":"","overlay-opacity":"","overlay-gradient":""}},"footnotes":""},"class_list":["post-602","page","type-page","status-publish","hentry"],"aioseo_notices":[],"_links":{"self":[{"href":"https:\/\/ok.org.rs\/en\/wp-json\/wp\/v2\/pages\/602","targetHints":{"allow":["GET"]}}],"collection":[{"href":"https:\/\/ok.org.rs\/en\/wp-json\/wp\/v2\/pages"}],"about":[{"href":"https:\/\/ok.org.rs\/en\/wp-json\/wp\/v2\/types\/page"}],"author":[{"embeddable":true,"href":"https:\/\/ok.org.rs\/en\/wp-json\/wp\/v2\/users\/1"}],"replies":[{"embeddable":true,"href":"https:\/\/ok.org.rs\/en\/wp-json\/wp\/v2\/comments?post=602"}],"version-history":[{"count":13,"href":"https:\/\/ok.org.rs\/en\/wp-json\/wp\/v2\/pages\/602\/revisions"}],"predecessor-version":[{"id":928,"href":"https:\/\/ok.org.rs\/en\/wp-json\/wp\/v2\/pages\/602\/revisions\/928"}],"wp:attachment":[{"href":"https:\/\/ok.org.rs\/en\/wp-json\/wp\/v2\/media?parent=602"}],"curies":[{"name":"wp","href":"https:\/\/api.w.org\/{rel}","templated":true}]}}