{"id":601,"date":"2022-04-22T20:44:34","date_gmt":"2022-04-22T20:44:34","guid":{"rendered":"https:\/\/ok.org.rs\/?page_id=601"},"modified":"2022-04-24T22:36:24","modified_gmt":"2022-04-24T22:36:24","slug":"model-medunarodnog-krivicnog-suda-micc","status":"publish","type":"page","link":"https:\/\/ok.org.rs\/en\/model-medunarodnog-krivicnog-suda-micc\/","title":{"rendered":"Model Me\u0111unarodnog krivi\u010dnog suda (MICC))"},"content":{"rendered":"<div data-elementor-type=\"wp-page\" data-elementor-id=\"601\" class=\"elementor elementor-601\">\n\t\t\t\t\t\t<section class=\"elementor-section elementor-top-section elementor-element elementor-element-1559e1c elementor-section-boxed elementor-section-height-default elementor-section-height-default\" data-id=\"1559e1c\" data-element_type=\"section\" data-e-type=\"section\">\n\t\t\t\t\t\t<div class=\"elementor-container elementor-column-gap-default\">\n\t\t\t\t\t<div class=\"elementor-column elementor-col-100 elementor-top-column elementor-element elementor-element-b47f3f5\" data-id=\"b47f3f5\" data-element_type=\"column\" data-e-type=\"column\">\n\t\t\t<div class=\"elementor-widget-wrap elementor-element-populated\">\n\t\t\t\t\t\t<div class=\"elementor-element elementor-element-de3eb4f elementor-widget elementor-widget-heading\" data-id=\"de3eb4f\" data-element_type=\"widget\" data-e-type=\"widget\" data-widget_type=\"heading.default\">\n\t\t\t\t<div class=\"elementor-widget-container\">\n\t\t\t\t\t<h1 class=\"elementor-heading-title elementor-size-default\">model me\u0111unarodnog krivi\u010dnog<br>suda (MICC)<\/h1>\t\t\t\t<\/div>\n\t\t\t\t<\/div>\n\t\t\t\t\t<\/div>\n\t\t<\/div>\n\t\t\t\t\t<\/div>\n\t\t<\/section>\n\t\t\t\t<section class=\"elementor-section elementor-top-section elementor-element elementor-element-f7b93e9 elementor-section-boxed elementor-section-height-default elementor-section-height-default\" data-id=\"f7b93e9\" data-element_type=\"section\" data-e-type=\"section\">\n\t\t\t\t\t\t<div class=\"elementor-container elementor-column-gap-default\">\n\t\t\t\t\t<div class=\"elementor-column elementor-col-100 elementor-top-column elementor-element elementor-element-0133f49\" data-id=\"0133f49\" data-element_type=\"column\" data-e-type=\"column\">\n\t\t\t<div class=\"elementor-widget-wrap elementor-element-populated\">\n\t\t\t\t\t\t<div class=\"elementor-element elementor-element-ceb5e37 elementor-widget elementor-widget-text-editor\" data-id=\"ceb5e37\" data-element_type=\"widget\" data-e-type=\"widget\" data-widget_type=\"text-editor.default\">\n\t\t\t\t<div class=\"elementor-widget-container\">\n\t\t\t\t\t\t\t\t\t<p style=\"margin:0in;margin-bottom:.0001pt;text-align:justify\"><span lang=\"SR-LATN-RS\" style=\"font-family:&quot;Calibri&quot;,sans-serif;mso-ascii-theme-font:minor-latin;mso-hansi-theme-font:minor-latin;mso-bidi-theme-font:minor-latin\">Projekat\nje nastao 2005. godine kroz saradnju poljske organizacije Fondacija Kri\u017eova\n(Fundacja Krzy\u017cowa dla Porozumienia Europejskiego) i nema\u010dke organizacije\nKraisau inicijativa (Kreisau-Initiative) sa ciljem da se obrati pa\u017enja na\nedukaciju u oblasti ljudskih prava. Projekat je do sada obuhvatio preko 15\ndr\u017eava \u0161irom sveta i razvio posebne sesije i slu\u010dajeve za u\u010desnike srednjih\n\u0161kola i u\u010desnike studente, kako bi obuhvatio \u0161to ve\u0107i broj mladih ljudi.<o:p><\/o:p><\/span><\/p><p style=\"margin:0in;margin-bottom:.0001pt;text-align:justify\"><span lang=\"SR-LATN-RS\" style=\"font-family:&quot;Calibri&quot;,sans-serif;mso-ascii-theme-font:minor-latin;mso-hansi-theme-font:minor-latin;mso-bidi-theme-font:minor-latin\">&nbsp;<\/span><\/p><p style=\"margin:0in;margin-bottom:.0001pt;text-align:justify\"><span lang=\"SR-LATN-RS\" style=\"font-family:&quot;Calibri&quot;,sans-serif;mso-ascii-theme-font:minor-latin;mso-hansi-theme-font:minor-latin;mso-bidi-theme-font:minor-latin\">Otvorena\nkomunikacija je postala partner na projektu 2012. godine, nakon \u010dega je 2014.\ngodine pokrenut i poseban MICC projekat za zapadni Balkan (MICC WeB), zajedno\nsa organizacijama iz Hrvatske i Bosne i Hercegovine.<o:p><\/o:p><\/span><\/p><p style=\"margin:0in;margin-bottom:.0001pt;text-align:justify\"><span lang=\"SR-LATN-RS\" style=\"font-family:&quot;Calibri&quot;,sans-serif;mso-ascii-theme-font:minor-latin;mso-hansi-theme-font:minor-latin;mso-bidi-theme-font:minor-latin\">&nbsp;<\/span><\/p><p style=\"margin:0in;margin-bottom:.0001pt;text-align:justify\"><span lang=\"SR-LATN-RS\" style=\"font-family:&quot;Calibri&quot;,sans-serif;mso-ascii-theme-font:minor-latin;mso-hansi-theme-font:minor-latin;mso-bidi-theme-font:minor-latin\">Tokom\nintenzivnog petodnevnog programa u\u010desnici prvo prolaze kroz radionice ljudskih\nprava, potom se dele u dve grupe \u2013 pravni tim i novinarski tim. U\u010desnicima\npravnog tima se dodeljuje jedan od tri mogu\u0107a slu\u010daja i uloga u kojoj \u0107e biti\ntokom tih 5 dana \u2013 sudija, tu\u017eilac ili advokat odbrane. Nakon pripreme\nargumenata i podnesaka sa pravnim trenerima sledi simulacija su\u0111enja i pisanje\npresuda. Za to vreme novinarski tim sa svojim trenerima radi na pripremi pres\nkonferencije, kratkog filma i MICC WeB novina. Slu\u010dajevi na kojim se radi\nobuhvataju period nacisti\u010dke Nema\u010dke &#8211; Fridrih Flik (Friedrich Flick), raspada\nJugoslavije \u2013 Dra\u017een Erdemovi\u0107 i sukoba u Ruandi \u2013 Sajmon Bikindi (Simon\nBikindi).<o:p><\/o:p><\/span><\/p><p style=\"margin:0in;margin-bottom:.0001pt;text-align:justify\"><span lang=\"SR-LATN-RS\" style=\"font-family:&quot;Calibri&quot;,sans-serif;mso-ascii-theme-font:minor-latin;mso-hansi-theme-font:minor-latin;mso-bidi-theme-font:minor-latin\">&nbsp;<\/span><\/p><p>\n\n\n\n\n\n\n\n\n\n\n\n<\/p><p style=\"margin:0in;margin-bottom:.0001pt;text-align:justify\"><span lang=\"SR-LATN-RS\" style=\"font-family:&quot;Calibri&quot;,sans-serif;mso-ascii-theme-font:minor-latin;mso-hansi-theme-font:minor-latin;mso-bidi-theme-font:minor-latin\">U\nprojektu je od 2014. godine u\u010destvovalo vi\u0161e od 40 \u0161kola iz isto toliko gradova\niz Hrvatske, BiH i Srbije.<o:p><\/o:p><\/span><\/p>\t\t\t\t\t\t\t\t<\/div>\n\t\t\t\t<\/div>\n\t\t\t\t<div class=\"elementor-element elementor-element-f8e2e41 elementor-align-center elementor-widget elementor-widget-button\" data-id=\"f8e2e41\" data-element_type=\"widget\" data-e-type=\"widget\" data-widget_type=\"button.default\">\n\t\t\t\t<div class=\"elementor-widget-container\">\n\t\t\t\t\t\t\t\t\t<div class=\"elementor-button-wrapper\">\n\t\t\t\t\t<a class=\"elementor-button elementor-button-link elementor-size-sm\" href=\"https:\/\/miccweb.org\/\" target=\"_blank\">\n\t\t\t\t\t\t<span class=\"elementor-button-content-wrapper\">\n\t\t\t\t\t\t\t\t\t<span class=\"elementor-button-text\">Find out more<\/span>\n\t\t\t\t\t<\/span>\n\t\t\t\t\t<\/a>\n\t\t\t\t<\/div>\n\t\t\t\t\t\t\t\t<\/div>\n\t\t\t\t<\/div>\n\t\t\t\t\t<\/div>\n\t\t<\/div>\n\t\t\t\t\t<\/div>\n\t\t<\/section>\n\t\t\t\t<\/div>","protected":false},"excerpt":{"rendered":"<p>model me\u0111unarodnog krivi\u010dnogsuda (MICC) Projekat je nastao 2005. godine kroz saradnju poljske organizacije Fondacija Kri\u017eova (Fundacja Krzy\u017cowa dla Porozumienia Europejskiego) i nema\u010dke organizacije Kraisau inicijativa (Kreisau-Initiative) sa ciljem da se obrati pa\u017enja na edukaciju u oblasti ljudskih prava. Projekat je do sada obuhvatio preko 15 dr\u017eava \u0161irom sveta i razvio posebne sesije i slu\u010dajeve za [&hellip;]<\/p>\n","protected":false},"author":1,"featured_media":0,"parent":0,"menu_order":0,"comment_status":"closed","ping_status":"closed","template":"","meta":{"om_disable_all_campaigns":false,"_monsterinsights_skip_tracking":false,"_monsterinsights_sitenote_active":false,"_monsterinsights_sitenote_note":"","_monsterinsights_sitenote_category":0,"site-sidebar-layout":"no-sidebar","site-content-layout":"page-builder","ast-site-content-layout":"default","site-content-style":"default","site-sidebar-style":"default","ast-global-header-display":"","ast-banner-title-visibility":"","ast-main-header-display":"","ast-hfb-above-header-display":"","ast-hfb-below-header-display":"","ast-hfb-mobile-header-display":"","site-post-title":"disabled","ast-breadcrumbs-content":"","ast-featured-img":"disabled","footer-sml-layout":"","ast-disable-related-posts":"","theme-transparent-header-meta":"","adv-header-id-meta":"","stick-header-meta":"","header-above-stick-meta":"","header-main-stick-meta":"","header-below-stick-meta":"","astra-migrate-meta-layouts":"default","ast-page-background-enabled":"default","ast-page-background-meta":{"desktop":{"background-color":"","background-image":"","background-repeat":"repeat","background-position":"center center","background-size":"auto","background-attachment":"scroll","background-type":"","background-media":"","overlay-type":"","overlay-color":"","overlay-opacity":"","overlay-gradient":""},"tablet":{"background-color":"","background-image":"","background-repeat":"repeat","background-position":"center center","background-size":"auto","background-attachment":"scroll","background-type":"","background-media":"","overlay-type":"","overlay-color":"","overlay-opacity":"","overlay-gradient":""},"mobile":{"background-color":"","background-image":"","background-repeat":"repeat","background-position":"center center","background-size":"auto","background-attachment":"scroll","background-type":"","background-media":"","overlay-type":"","overlay-color":"","overlay-opacity":"","overlay-gradient":""}},"ast-content-background-meta":{"desktop":{"background-color":"var(--ast-global-color-5)","background-image":"","background-repeat":"repeat","background-position":"center center","background-size":"auto","background-attachment":"scroll","background-type":"","background-media":"","overlay-type":"","overlay-color":"","overlay-opacity":"","overlay-gradient":""},"tablet":{"background-color":"var(--ast-global-color-5)","background-image":"","background-repeat":"repeat","background-position":"center center","background-size":"auto","background-attachment":"scroll","background-type":"","background-media":"","overlay-type":"","overlay-color":"","overlay-opacity":"","overlay-gradient":""},"mobile":{"background-color":"var(--ast-global-color-5)","background-image":"","background-repeat":"repeat","background-position":"center center","background-size":"auto","background-attachment":"scroll","background-type":"","background-media":"","overlay-type":"","overlay-color":"","overlay-opacity":"","overlay-gradient":""}},"footnotes":""},"class_list":["post-601","page","type-page","status-publish","hentry"],"aioseo_notices":[],"_links":{"self":[{"href":"https:\/\/ok.org.rs\/en\/wp-json\/wp\/v2\/pages\/601","targetHints":{"allow":["GET"]}}],"collection":[{"href":"https:\/\/ok.org.rs\/en\/wp-json\/wp\/v2\/pages"}],"about":[{"href":"https:\/\/ok.org.rs\/en\/wp-json\/wp\/v2\/types\/page"}],"author":[{"embeddable":true,"href":"https:\/\/ok.org.rs\/en\/wp-json\/wp\/v2\/users\/1"}],"replies":[{"embeddable":true,"href":"https:\/\/ok.org.rs\/en\/wp-json\/wp\/v2\/comments?post=601"}],"version-history":[{"count":28,"href":"https:\/\/ok.org.rs\/en\/wp-json\/wp\/v2\/pages\/601\/revisions"}],"predecessor-version":[{"id":1199,"href":"https:\/\/ok.org.rs\/en\/wp-json\/wp\/v2\/pages\/601\/revisions\/1199"}],"wp:attachment":[{"href":"https:\/\/ok.org.rs\/en\/wp-json\/wp\/v2\/media?parent=601"}],"curies":[{"name":"wp","href":"https:\/\/api.w.org\/{rel}","templated":true}]}}