{"id":600,"date":"2022-04-22T20:44:34","date_gmt":"2022-04-22T20:44:34","guid":{"rendered":"https:\/\/ok.org.rs\/?page_id=600"},"modified":"2022-04-24T22:31:04","modified_gmt":"2022-04-24T22:31:04","slug":"historija-istorija-povijest","status":"publish","type":"page","link":"https:\/\/ok.org.rs\/en\/historija-istorija-povijest\/","title":{"rendered":"Historija, istorija, povijest"},"content":{"rendered":"<div data-elementor-type=\"wp-page\" data-elementor-id=\"600\" class=\"elementor elementor-600\">\n\t\t\t\t\t\t<section class=\"elementor-section elementor-top-section elementor-element elementor-element-92a613c elementor-section-boxed elementor-section-height-default elementor-section-height-default\" data-id=\"92a613c\" data-element_type=\"section\" data-e-type=\"section\">\n\t\t\t\t\t\t<div class=\"elementor-container elementor-column-gap-default\">\n\t\t\t\t\t<div class=\"elementor-column elementor-col-100 elementor-top-column elementor-element elementor-element-fc81f15\" data-id=\"fc81f15\" data-element_type=\"column\" data-e-type=\"column\">\n\t\t\t<div class=\"elementor-widget-wrap elementor-element-populated\">\n\t\t\t\t\t\t<div class=\"elementor-element elementor-element-c005d95 elementor-widget elementor-widget-heading\" data-id=\"c005d95\" data-element_type=\"widget\" data-e-type=\"widget\" data-widget_type=\"heading.default\">\n\t\t\t\t<div class=\"elementor-widget-container\">\n\t\t\t\t\t<h2 class=\"elementor-heading-title elementor-size-xxl\">Historija, istorija, povijest<\/h2>\t\t\t\t<\/div>\n\t\t\t\t<\/div>\n\t\t\t\t\t<\/div>\n\t\t<\/div>\n\t\t\t\t\t<\/div>\n\t\t<\/section>\n\t\t\t\t<section class=\"elementor-section elementor-top-section elementor-element elementor-element-97972a3 elementor-section-boxed elementor-section-height-default elementor-section-height-default\" data-id=\"97972a3\" data-element_type=\"section\" data-e-type=\"section\">\n\t\t\t\t\t\t<div class=\"elementor-container elementor-column-gap-default\">\n\t\t\t\t\t<div class=\"elementor-column elementor-col-100 elementor-top-column elementor-element elementor-element-d105ca1\" data-id=\"d105ca1\" data-element_type=\"column\" data-e-type=\"column\">\n\t\t\t<div class=\"elementor-widget-wrap\">\n\t\t\t\t\t\t\t<\/div>\n\t\t<\/div>\n\t\t\t\t\t<\/div>\n\t\t<\/section>\n\t\t\t\t<section class=\"elementor-section elementor-top-section elementor-element elementor-element-0a9844f elementor-section-boxed elementor-section-height-default elementor-section-height-default\" data-id=\"0a9844f\" data-element_type=\"section\" data-e-type=\"section\">\n\t\t\t\t\t\t<div class=\"elementor-container elementor-column-gap-default\">\n\t\t\t\t\t<div class=\"elementor-column elementor-col-100 elementor-top-column elementor-element elementor-element-b37610c\" data-id=\"b37610c\" data-element_type=\"column\" data-e-type=\"column\">\n\t\t\t<div class=\"elementor-widget-wrap elementor-element-populated\">\n\t\t\t\t\t\t<div class=\"elementor-element elementor-element-f1ead56 elementor-widget elementor-widget-text-editor\" data-id=\"f1ead56\" data-element_type=\"widget\" data-e-type=\"widget\" data-widget_type=\"text-editor.default\">\n\t\t\t\t<div class=\"elementor-widget-container\">\n\t\t\t\t\t\t\t\t\t<p><span style=\"font-size: 12.0pt; line-height: 107%; mso-ascii-font-family: Calibri; mso-fareast-font-family: Calibri; mso-hansi-font-family: Calibri; mso-bidi-font-family: Calibri;\">Projekat &#8222;Historija, Istorija, Povijest &#8211; Lekcije za sada\u0161njost&#8220; je pokrenut 2015. godine od strane Ku\u0107e Ane Frank, u saradnji sa regionalnim partnerskim organizacijama iz Srbije (Otvorena komunikacija), Hrvatske (Hrvatska edukativna i razvojna mre\u017ea za unapre\u0111ivanje komunikacije &#8211; HERMES), Bosne i Hercegovine (Inicijativa mladih za ljudska prava &#8211; &#8222;YIHR&#8220; i Humanost u akciji &#8211; HIA) i Makedonije (Omladinski obrazovni forum &#8211; MOF). <\/span><\/p>\n<p><span style=\"font-size: 12.0pt; line-height: 107%; mso-ascii-font-family: Calibri; mso-fareast-font-family: Calibri; mso-hansi-font-family: Calibri; mso-bidi-font-family: Calibri;\">Finansiran sredstivna Evropske unije i usmeren je na promociju inovativnih tehnika i metoda u\u010denja istorije po uzoru na one koje koristi Ku\u0107a Ane Frank. Te metode odlikuju se podsticanjem debate i preispitivanja uzroka istorijskih doga\u0111aja i \u010dinilaca i vode njihovom objektivnijem sagledavanju, kao i razumevanju njihovog zna\u010daja za izazove koje nosi budu\u0107nost.<\/span><\/p>\n<p style=\"margin-bottom: 12.0pt; text-align: justify;\"><span lang=\"SR-LATN-RS\" style=\"font-size: 12.0pt; line-height: 107%; mso-ansi-language: SR-LATN-RS;\">Projekat se sastoji iz vi\u0161e razli\u010ditih celina koje uklju\u010duju profesore i nastavnike sa jedne, ali i u\u010denike srednjih i starijih razreda osnovne \u0161kole, sa druge strane. Kroz sve aktivnosti u\u010desnici se upoznaju sa nastavnim sredstvima i metodama koje kombinuju elemente formalne i neformalne edukacije, a po\u010divaju na vr\u0161nja\u010dkoj edukaciji, interaktivnom pristupu i upotrebi digitalnih medija.<\/span><\/p>\n<p><span lang=\"SR-LATN-RS\" style=\"font-size: 12.0pt; line-height: 107%; mso-ansi-language: SR-LATN-RS;\">U prvoj fazi (2015.) eksperti, lokalni koordinatori i u\u010denici, zajedni\u010dki su radili na kreiranju nastavnih materijala po uzoru na metodologiju Ku\u0107e Ane Frank, na lokalnim jezicima i obu\u010davali se za dalje preno\u0161enje ste\u010denih znanja. Druga etapa projekta (2016. i 2017.) obuhvatila je&nbsp; predstavljanje ovih materijala \u0161irokom auditorijumu nastavnika i u\u010denika kroz niz aktivnosti: regionalne seminare za nastavnike i profesore; predstavljanje izlo\u017ebe \u201eAna Frank \u2013 istorija za sada\u0161njost\u201c \u0161irom regiona, a koja podrazumeva stvaranje mre\u017ee vr\u0161nja\u010dkih edukatora \u2013 vodi\u010da kroz izlo\u017ebu; radionice Koraci se\u0107anja (originalno Memory Walk) namenjene u\u010denicima srednjih i starijih razreda osnovnih \u0161kola<\/span><span lang=\"SR-LATN-RS\" style=\"font-size: 12.0pt; line-height: 107%; mso-ansi-language: SR-LATN-RS; mso-fareast-language: SR-LATN-RS;\">.<\/span><\/p>\n<p style=\"text-align: justify;\"><span lang=\"SR-LATN-RS\" style=\"font-size: 12.0pt; line-height: 107%; mso-ansi-language: SR-LATN-RS;\">Prvo predstavljanje izlo\u017ebe u Srbiji<b> <\/b>bilo je u aprilu 2016. u Domu omladine Beograda, kada ju je zvani\u010dno otvorio \u0161ef Delegacije EU u Srbiji, Majkl Davenport, a nakon toga je gostovala u Kova\u010dici, \u0160apcu, Valjevu, Vrbasu, Pivnicama, Be\u010deju, Kragujevcu, Sremskoj Mitrovici, U\u017eicu, Po\u017earevcu, Ubu , Aran\u0111elovcu i Somboru.<\/span><\/p>\n<p style=\"text-align: justify;\"><span lang=\"SR-LATN-RS\" style=\"font-size: 12.0pt; line-height: 107%; mso-ansi-language: SR-LATN-RS;\">Ukoliko ste zainteresovani da izlo\u017eba do\u0111e u va\u0161u \u0161kolu, mo\u017eete kontaktirati koordinatorku projekta Anu Jankovi\u0107 putem email-a jankovic@ok.org.rs.<\/span><\/p>\t\t\t\t\t\t\t\t<\/div>\n\t\t\t\t<\/div>\n\t\t\t\t<div class=\"elementor-element elementor-element-88e46c6 elementor-align-center elementor-widget elementor-widget-button\" data-id=\"88e46c6\" data-element_type=\"widget\" data-e-type=\"widget\" data-widget_type=\"button.default\">\n\t\t\t\t<div class=\"elementor-widget-container\">\n\t\t\t\t\t\t\t\t\t<div class=\"elementor-button-wrapper\">\n\t\t\t\t\t<a class=\"elementor-button elementor-button-link elementor-size-sm\" href=\"http:\/\/historijaistorijapovijest.org\/rs\/\" target=\"_blank\">\n\t\t\t\t\t\t<span class=\"elementor-button-content-wrapper\">\n\t\t\t\t\t\t\t\t\t<span class=\"elementor-button-text\">Find out more<\/span>\n\t\t\t\t\t<\/span>\n\t\t\t\t\t<\/a>\n\t\t\t\t<\/div>\n\t\t\t\t\t\t\t\t<\/div>\n\t\t\t\t<\/div>\n\t\t\t\t\t<\/div>\n\t\t<\/div>\n\t\t\t\t\t<\/div>\n\t\t<\/section>\n\t\t\t\t<section class=\"elementor-section elementor-top-section elementor-element elementor-element-d3dcd93 elementor-section-boxed elementor-section-height-default elementor-section-height-default\" data-id=\"d3dcd93\" data-element_type=\"section\" data-e-type=\"section\">\n\t\t\t\t\t\t<div class=\"elementor-container elementor-column-gap-default\">\n\t\t\t\t\t<div class=\"elementor-column elementor-col-100 elementor-top-column elementor-element elementor-element-f31abc3\" data-id=\"f31abc3\" data-element_type=\"column\" data-e-type=\"column\">\n\t\t\t<div class=\"elementor-widget-wrap elementor-element-populated\">\n\t\t\t\t\t\t<div class=\"elementor-element elementor-element-10f7386 elementor-arrows-position-inside elementor-pagination-position-outside elementor-invisible elementor-widget elementor-widget-image-carousel\" data-id=\"10f7386\" data-element_type=\"widget\" data-e-type=\"widget\" data-settings=\"{&quot;slides_to_show&quot;:&quot;2&quot;,&quot;slides_to_scroll&quot;:&quot;1&quot;,&quot;_animation&quot;:&quot;fadeIn&quot;,&quot;_animation_delay&quot;:0,&quot;navigation&quot;:&quot;both&quot;,&quot;autoplay&quot;:&quot;yes&quot;,&quot;pause_on_hover&quot;:&quot;yes&quot;,&quot;pause_on_interaction&quot;:&quot;yes&quot;,&quot;autoplay_speed&quot;:5000,&quot;infinite&quot;:&quot;yes&quot;,&quot;speed&quot;:500}\" data-widget_type=\"image-carousel.default\">\n\t\t\t\t<div class=\"elementor-widget-container\">\n\t\t\t\t\t\t\t<div class=\"elementor-image-carousel-wrapper swiper\" role=\"region\" aria-roledescription=\"carousel\" aria-label=\"\u0412\u0440\u0442\u0435\u0448\u043a\u0430 \u0441\u043b\u0438\u043a\u0430\" dir=\"ltr\">\n\t\t\t<div class=\"elementor-image-carousel swiper-wrapper\" aria-live=\"off\">\n\t\t\t\t\t\t\t\t<div class=\"swiper-slide\" role=\"group\" aria-roledescription=\"slide\" aria-label=\"1 of 6\"><figure class=\"swiper-slide-inner\"><img decoding=\"async\" class=\"swiper-slide-image\" src=\"https:\/\/ok.org.rs\/wp-content\/uploads\/elementor\/thumbs\/Screenshot_5-pnt2tp353unc09kl4ook5o41xpl9lo45m1gida1674.png\" alt=\"Screenshot_5\" \/><\/figure><\/div><div class=\"swiper-slide\" role=\"group\" aria-roledescription=\"slide\" aria-label=\"2 of 6\"><figure class=\"swiper-slide-inner\"><img decoding=\"async\" class=\"swiper-slide-image\" src=\"https:\/\/ok.org.rs\/wp-content\/uploads\/elementor\/thumbs\/Valjevo-2-pnt2oom4nnsa34uqeio6uxnjvqasjs7ox87a85grds.jpg\" alt=\"Valjevo\" \/><\/figure><\/div><div class=\"swiper-slide\" role=\"group\" aria-roledescription=\"slide\" aria-label=\"3 of 6\"><figure class=\"swiper-slide-inner\"><img decoding=\"async\" class=\"swiper-slide-image\" src=\"https:\/\/ok.org.rs\/wp-content\/uploads\/elementor\/thumbs\/Valjevo-1-1-pnt2onoagtqzriw3k09kafw3acffc33yl3jsqvi5k0.jpg\" alt=\"Valjevo 1\" \/><\/figure><\/div><div class=\"swiper-slide\" role=\"group\" aria-roledescription=\"slide\" aria-label=\"4 of 6\"><figure class=\"swiper-slide-inner\"><img decoding=\"async\" class=\"swiper-slide-image\" src=\"https:\/\/ok.org.rs\/wp-content\/uploads\/elementor\/thumbs\/Screenshot_7-pnt34292h2u61gijlnzg5jy1rohzhi9ldcg9w4nvkw.png\" alt=\"Screenshot_7\" \/><\/figure><\/div><div class=\"swiper-slide\" role=\"group\" aria-roledescription=\"slide\" aria-label=\"5 of 6\"><figure class=\"swiper-slide-inner\"><img decoding=\"async\" class=\"swiper-slide-image\" src=\"https:\/\/ok.org.rs\/wp-content\/uploads\/elementor\/thumbs\/Screenshot_8-pnt346y9f90lnibpu80l00rcqlutjzs91zppaigwps.png\" alt=\"Screenshot_8\" \/><\/figure><\/div><div class=\"swiper-slide\" role=\"group\" aria-roledescription=\"slide\" aria-label=\"6 of 6\"><figure class=\"swiper-slide-inner\"><img decoding=\"async\" class=\"swiper-slide-image\" src=\"https:\/\/ok.org.rs\/wp-content\/uploads\/elementor\/thumbs\/Screenshot_9-pnt34apm6l5qxy6989n39zt745caes76eibn7mbc0w.png\" alt=\"Screenshot_9\" \/><\/figure><\/div>\t\t\t<\/div>\n\t\t\t\t\t\t\t\t\t\t\t\t<div class=\"elementor-swiper-button elementor-swiper-button-prev\" role=\"button\" tabindex=\"0\">\n\t\t\t\t\t\t<i aria-hidden=\"true\" class=\"eicon-chevron-left\"><\/i>\t\t\t\t\t<\/div>\n\t\t\t\t\t<div class=\"elementor-swiper-button elementor-swiper-button-next\" role=\"button\" tabindex=\"0\">\n\t\t\t\t\t\t<i aria-hidden=\"true\" class=\"eicon-chevron-right\"><\/i>\t\t\t\t\t<\/div>\n\t\t\t\t\n\t\t\t\t\t\t\t\t\t<div class=\"swiper-pagination\"><\/div>\n\t\t\t\t\t\t\t\t\t<\/div>\n\t\t\t\t\t\t<\/div>\n\t\t\t\t<\/div>\n\t\t\t\t\t<\/div>\n\t\t<\/div>\n\t\t\t\t\t<\/div>\n\t\t<\/section>\n\t\t\t\t<\/div>","protected":false},"excerpt":{"rendered":"<p>Historija, istorija, povijest Projekat &#8222;Historija, Istorija, Povijest &#8211; Lekcije za sada\u0161njost&#8220; je pokrenut 2015. godine od strane Ku\u0107e Ane Frank, u saradnji sa regionalnim partnerskim organizacijama iz Srbije (Otvorena komunikacija), Hrvatske (Hrvatska edukativna i razvojna mre\u017ea za unapre\u0111ivanje komunikacije &#8211; HERMES), Bosne i Hercegovine (Inicijativa mladih za ljudska prava &#8211; &#8222;YIHR&#8220; i Humanost u akciji [&hellip;]<\/p>\n","protected":false},"author":1,"featured_media":0,"parent":0,"menu_order":0,"comment_status":"closed","ping_status":"closed","template":"","meta":{"om_disable_all_campaigns":false,"_monsterinsights_skip_tracking":false,"_monsterinsights_sitenote_active":false,"_monsterinsights_sitenote_note":"","_monsterinsights_sitenote_category":0,"site-sidebar-layout":"no-sidebar","site-content-layout":"page-builder","ast-site-content-layout":"default","site-content-style":"default","site-sidebar-style":"default","ast-global-header-display":"","ast-banner-title-visibility":"","ast-main-header-display":"","ast-hfb-above-header-display":"","ast-hfb-below-header-display":"","ast-hfb-mobile-header-display":"","site-post-title":"disabled","ast-breadcrumbs-content":"","ast-featured-img":"disabled","footer-sml-layout":"","ast-disable-related-posts":"","theme-transparent-header-meta":"","adv-header-id-meta":"","stick-header-meta":"","header-above-stick-meta":"","header-main-stick-meta":"","header-below-stick-meta":"","astra-migrate-meta-layouts":"default","ast-page-background-enabled":"default","ast-page-background-meta":{"desktop":{"background-color":"","background-image":"","background-repeat":"repeat","background-position":"center center","background-size":"auto","background-attachment":"scroll","background-type":"","background-media":"","overlay-type":"","overlay-color":"","overlay-opacity":"","overlay-gradient":""},"tablet":{"background-color":"","background-image":"","background-repeat":"repeat","background-position":"center center","background-size":"auto","background-attachment":"scroll","background-type":"","background-media":"","overlay-type":"","overlay-color":"","overlay-opacity":"","overlay-gradient":""},"mobile":{"background-color":"","background-image":"","background-repeat":"repeat","background-position":"center center","background-size":"auto","background-attachment":"scroll","background-type":"","background-media":"","overlay-type":"","overlay-color":"","overlay-opacity":"","overlay-gradient":""}},"ast-content-background-meta":{"desktop":{"background-color":"var(--ast-global-color-5)","background-image":"","background-repeat":"repeat","background-position":"center center","background-size":"auto","background-attachment":"scroll","background-type":"","background-media":"","overlay-type":"","overlay-color":"","overlay-opacity":"","overlay-gradient":""},"tablet":{"background-color":"var(--ast-global-color-5)","background-image":"","background-repeat":"repeat","background-position":"center center","background-size":"auto","background-attachment":"scroll","background-type":"","background-media":"","overlay-type":"","overlay-color":"","overlay-opacity":"","overlay-gradient":""},"mobile":{"background-color":"var(--ast-global-color-5)","background-image":"","background-repeat":"repeat","background-position":"center center","background-size":"auto","background-attachment":"scroll","background-type":"","background-media":"","overlay-type":"","overlay-color":"","overlay-opacity":"","overlay-gradient":""}},"footnotes":""},"class_list":["post-600","page","type-page","status-publish","hentry"],"aioseo_notices":[],"_links":{"self":[{"href":"https:\/\/ok.org.rs\/en\/wp-json\/wp\/v2\/pages\/600","targetHints":{"allow":["GET"]}}],"collection":[{"href":"https:\/\/ok.org.rs\/en\/wp-json\/wp\/v2\/pages"}],"about":[{"href":"https:\/\/ok.org.rs\/en\/wp-json\/wp\/v2\/types\/page"}],"author":[{"embeddable":true,"href":"https:\/\/ok.org.rs\/en\/wp-json\/wp\/v2\/users\/1"}],"replies":[{"embeddable":true,"href":"https:\/\/ok.org.rs\/en\/wp-json\/wp\/v2\/comments?post=600"}],"version-history":[{"count":34,"href":"https:\/\/ok.org.rs\/en\/wp-json\/wp\/v2\/pages\/600\/revisions"}],"predecessor-version":[{"id":1193,"href":"https:\/\/ok.org.rs\/en\/wp-json\/wp\/v2\/pages\/600\/revisions\/1193"}],"wp:attachment":[{"href":"https:\/\/ok.org.rs\/en\/wp-json\/wp\/v2\/media?parent=600"}],"curies":[{"name":"wp","href":"https:\/\/api.w.org\/{rel}","templated":true}]}}