{"id":1349,"date":"2023-03-19T23:34:47","date_gmt":"2023-03-19T23:34:47","guid":{"rendered":"https:\/\/ok.org.rs\/?page_id=1349"},"modified":"2023-04-09T22:56:29","modified_gmt":"2023-04-09T22:56:29","slug":"donacije-i-sponzorstva","status":"publish","type":"page","link":"https:\/\/ok.org.rs\/en\/donacije-i-sponzorstva\/","title":{"rendered":"Donacije i sponzorstva"},"content":{"rendered":"<div data-elementor-type=\"wp-page\" data-elementor-id=\"1349\" class=\"elementor elementor-1349\">\n\t\t\t\t\t\t<section class=\"elementor-section elementor-top-section elementor-element elementor-element-cae8b45 elementor-section-boxed elementor-section-height-default elementor-section-height-default\" data-id=\"cae8b45\" data-element_type=\"section\" data-e-type=\"section\">\n\t\t\t\t\t\t<div class=\"elementor-container elementor-column-gap-default\">\n\t\t\t\t\t<div class=\"elementor-column elementor-col-100 elementor-top-column elementor-element elementor-element-fe1d6b8\" data-id=\"fe1d6b8\" data-element_type=\"column\" data-e-type=\"column\">\n\t\t\t<div class=\"elementor-widget-wrap elementor-element-populated\">\n\t\t\t\t\t\t<div class=\"elementor-element elementor-element-c4f4b88 elementor-widget elementor-widget-heading\" data-id=\"c4f4b88\" data-element_type=\"widget\" data-e-type=\"widget\" data-widget_type=\"heading.default\">\n\t\t\t\t<div class=\"elementor-widget-container\">\n\t\t\t\t\t<h2 class=\"elementor-heading-title elementor-size-default\">DONacije i sponzorstva<\/h2>\t\t\t\t<\/div>\n\t\t\t\t<\/div>\n\t\t\t\t<div class=\"elementor-element elementor-element-9209161 elementor-widget-divider--view-line elementor-widget elementor-widget-divider\" data-id=\"9209161\" data-element_type=\"widget\" data-e-type=\"widget\" data-widget_type=\"divider.default\">\n\t\t\t\t<div class=\"elementor-widget-container\">\n\t\t\t\t\t\t\t<div class=\"elementor-divider\">\n\t\t\t<span class=\"elementor-divider-separator\">\n\t\t\t\t\t\t<\/span>\n\t\t<\/div>\n\t\t\t\t\t\t<\/div>\n\t\t\t\t<\/div>\n\t\t\t\t\t<\/div>\n\t\t<\/div>\n\t\t\t\t\t<\/div>\n\t\t<\/section>\n\t\t\t\t<section class=\"elementor-section elementor-top-section elementor-element elementor-element-6547574 elementor-section-boxed elementor-section-height-default elementor-section-height-default\" data-id=\"6547574\" data-element_type=\"section\" data-e-type=\"section\">\n\t\t\t\t\t\t<div class=\"elementor-container elementor-column-gap-default\">\n\t\t\t\t\t<div class=\"elementor-column elementor-col-100 elementor-top-column elementor-element elementor-element-b3b8de8\" data-id=\"b3b8de8\" data-element_type=\"column\" data-e-type=\"column\">\n\t\t\t<div class=\"elementor-widget-wrap elementor-element-populated\">\n\t\t\t\t\t\t<div class=\"elementor-element elementor-element-b555167 elementor-widget elementor-widget-text-editor\" data-id=\"b555167\" data-element_type=\"widget\" data-e-type=\"widget\" data-widget_type=\"text-editor.default\">\n\t\t\t\t<div class=\"elementor-widget-container\">\n\t\t\t\t\t\t\t\t\t<p>Svetsko univerzitetsko prvenstvo je najve\u0107e takmi\u010denje u javnom govorni\u0161tvu i debati koje ima tradiciju dugu 44 godine. Ovo prvenstvo okuplja preko 1000 studenata sa svih kontinenata.<\/p><p>Pored predstavljanja svojih dr\u017eava, svaki tim predstavlja svoj univerzitet i akademsku zajednicu. Doga\u0111aj okuplja preko 180 univerziteta, poput Oksforda, Kembrid\u017ea, Harvarda, Prinstona, kao i Univerziteta u Beogradu.<\/p><p>Ove godine se odr\u017eava u Ho \u0160i Min Sitiju, u Vijetnamu. Zbog dugogodi\u0161njeg uspeha, za ovo takmi\u010denje kvalifikovao se rekordan broj debatera iz Srbije, odnosno 5 timova koji bi ukupno bili sa\u010dinjeni od 10 govornika, ukoliko uspemo da sakupimo potrebna finansijska sredstva.<\/p><p>Zbog visokih tro\u0161kova odlaska na ovo takmi\u010denje, u\u010de\u0161e na\u0161ih debatera ne\u0107e biti mogu\u0107e bez donacija i sponzora. Uz Va\u0161u donaciju bismo talentovanim debaterima pru\u017eili priliku da predstavljaju Srbiju na Svetskom univerzitetskom debatnom prvenstvu u Vijetnamu.<\/p><p>Svim donatorima obezbedi\u0107emo vidljivost na svim na\u0161im projektima i aktivnostima. To uklju\u010duje prikazivanje i promociju na\u0161ih partnera na na\u0161em sajtu i dru\u0161tvenim mre\u017eama, kao i promotivnim materijalima, kao \u0161to su baneri, plakati, newsletter, itd. Na\u0161e aktivnosti uklju\u010duju nedeljne debatne radionice, kao i doma\u0107e i strane debatne turnire koje posve\u0107uje veliki broj mladih i imaju medijsku pokrivenost, kako preko tradicionalnih kanala medija, tako i preko dru\u0161tvenih mre\u017ea.<\/p><p>Ukoliko ste zainteresovani za saradnju mo\u017eete nas kontaktirati na mejl <a href=\"mailto:lazic@ok.org.rs\">lazic@ok.org.rs<\/a> ili uplatiti novac na bankovni ra\u010dun ili <a href=\"https:\/\/paypal.me\/otvorenakomunikacija\">PayPal nalog<\/a>.<\/p>\t\t\t\t\t\t\t\t<\/div>\n\t\t\t\t<\/div>\n\t\t\t\t<div class=\"elementor-element elementor-element-0539d2b elementor-widget-divider--view-line elementor-widget elementor-widget-divider\" data-id=\"0539d2b\" data-element_type=\"widget\" data-e-type=\"widget\" data-widget_type=\"divider.default\">\n\t\t\t\t<div class=\"elementor-widget-container\">\n\t\t\t\t\t\t\t<div class=\"elementor-divider\">\n\t\t\t<span class=\"elementor-divider-separator\">\n\t\t\t\t\t\t<\/span>\n\t\t<\/div>\n\t\t\t\t\t\t<\/div>\n\t\t\t\t<\/div>\n\t\t\t\t\t<\/div>\n\t\t<\/div>\n\t\t\t\t\t<\/div>\n\t\t<\/section>\n\t\t\t\t<section class=\"elementor-section elementor-top-section elementor-element elementor-element-425eaba elementor-section-boxed elementor-section-height-default elementor-section-height-default\" data-id=\"425eaba\" data-element_type=\"section\" data-e-type=\"section\">\n\t\t\t\t\t\t<div class=\"elementor-container elementor-column-gap-default\">\n\t\t\t\t\t<div class=\"elementor-column elementor-col-50 elementor-top-column elementor-element elementor-element-84acfa1\" data-id=\"84acfa1\" data-element_type=\"column\" data-e-type=\"column\">\n\t\t\t<div class=\"elementor-widget-wrap elementor-element-populated\">\n\t\t\t\t\t\t<div class=\"elementor-element elementor-element-939c66f elementor-widget elementor-widget-text-editor\" data-id=\"939c66f\" data-element_type=\"widget\" data-e-type=\"widget\" data-widget_type=\"text-editor.default\">\n\t\t\t\t<div class=\"elementor-widget-container\">\n\t\t\t\t\t\t\t\t\t<h3>Bankovni ra\u010dun<\/h3>\t\t\t\t\t\t\t\t<\/div>\n\t\t\t\t<\/div>\n\t\t\t\t<section class=\"elementor-section elementor-inner-section elementor-element elementor-element-906482f elementor-section-boxed elementor-section-height-default elementor-section-height-default\" data-id=\"906482f\" data-element_type=\"section\" data-e-type=\"section\">\n\t\t\t\t\t\t<div class=\"elementor-container elementor-column-gap-default\">\n\t\t\t\t\t<div class=\"elementor-column elementor-col-50 elementor-inner-column elementor-element elementor-element-b2d5494\" data-id=\"b2d5494\" data-element_type=\"column\" data-e-type=\"column\">\n\t\t\t<div class=\"elementor-widget-wrap elementor-element-populated\">\n\t\t\t\t\t\t<div class=\"elementor-element elementor-element-7b38c6e elementor-widget elementor-widget-text-editor\" data-id=\"7b38c6e\" data-element_type=\"widget\" data-e-type=\"widget\" data-widget_type=\"text-editor.default\">\n\t\t\t\t<div class=\"elementor-widget-container\">\n\t\t\t\t\t\t\t\t\t<p><strong>Primalac:\u00a0<\/strong><\/p><p><strong>Broj ra\u010duna:<\/strong><\/p>\t\t\t\t\t\t\t\t<\/div>\n\t\t\t\t<\/div>\n\t\t\t\t\t<\/div>\n\t\t<\/div>\n\t\t\t\t<div class=\"elementor-column elementor-col-50 elementor-inner-column elementor-element elementor-element-08720a5\" data-id=\"08720a5\" data-element_type=\"column\" data-e-type=\"column\">\n\t\t\t<div class=\"elementor-widget-wrap elementor-element-populated\">\n\t\t\t\t\t\t<div class=\"elementor-element elementor-element-232f1e2 elementor-widget elementor-widget-text-editor\" data-id=\"232f1e2\" data-element_type=\"widget\" data-e-type=\"widget\" data-widget_type=\"text-editor.default\">\n\t\t\t\t<div class=\"elementor-widget-container\">\n\t\t\t\t\t\t\t\t\t<p>Otvorena komunikacija, Prizrenska 6, Beograd 11000\u00a0 \u00a0 160000000056217396<\/p>\t\t\t\t\t\t\t\t<\/div>\n\t\t\t\t<\/div>\n\t\t\t\t\t<\/div>\n\t\t<\/div>\n\t\t\t\t\t<\/div>\n\t\t<\/section>\n\t\t\t\t\t<\/div>\n\t\t<\/div>\n\t\t\t\t<div class=\"elementor-column elementor-col-50 elementor-top-column elementor-element elementor-element-897c929\" data-id=\"897c929\" data-element_type=\"column\" data-e-type=\"column\">\n\t\t\t<div class=\"elementor-widget-wrap elementor-element-populated\">\n\t\t\t\t\t\t<div class=\"elementor-element elementor-element-cdbb6f9 elementor-widget elementor-widget-text-editor\" data-id=\"cdbb6f9\" data-element_type=\"widget\" data-e-type=\"widget\" data-widget_type=\"text-editor.default\">\n\t\t\t\t<div class=\"elementor-widget-container\">\n\t\t\t\t\t\t\t\t\t<h3>Paypal<\/h3>\t\t\t\t\t\t\t\t<\/div>\n\t\t\t\t<\/div>\n\t\t\t\t<section class=\"elementor-section elementor-inner-section elementor-element elementor-element-45b747b elementor-section-boxed elementor-section-height-default elementor-section-height-default\" data-id=\"45b747b\" data-element_type=\"section\" data-e-type=\"section\">\n\t\t\t\t\t\t<div class=\"elementor-container elementor-column-gap-default\">\n\t\t\t\t\t<div class=\"elementor-column elementor-col-100 elementor-inner-column elementor-element elementor-element-8c5ea5e\" data-id=\"8c5ea5e\" data-element_type=\"column\" data-e-type=\"column\">\n\t\t\t<div class=\"elementor-widget-wrap elementor-element-populated\">\n\t\t\t\t\t\t<div class=\"elementor-element elementor-element-619163f elementor-widget elementor-widget-text-editor\" data-id=\"619163f\" data-element_type=\"widget\" data-e-type=\"widget\" data-widget_type=\"text-editor.default\">\n\t\t\t\t<div class=\"elementor-widget-container\">\n\t\t\t\t\t\t\t\t\t<p><b>Paypal nalog: <b><br \/><a class=\"x1i10hfl xjbqb8w x6umtig x1b1mbwd xaqea5y xav7gou x9f619 x1ypdohk xt0psk2 xe8uvvx xdj266r x11i5rnm xat24cr x1mh8g0r xexx8yu x4uap5 x18d9i69 xkhd6sd x16tdsg8 xggy1nq x1a2a7pz xt0b8zv x1heor9g x1bvjpef\" style=\"cursor: pointer; text-decoration-line: underline; margin: 0px; padding: 0px; outline: none; -webkit-tap-highlight-color: transparent; list-style: none; touch-action: manipulation display: inline; font-family: system-ui, -apple-system, 'system-ui', '.SFNSText-Regular', sans-serif; font-size: 20px; white-space: pre-wrap; border: 0px initial initial;\" tabindex=\"0\" role=\"link\" href=\"https:\/\/paypal.me\/otvorenakomunikacija?fbclid=IwAR3pnlBRe1QY5beW6nJNdtpZR9IebUQD6_NGkqeFvNdDWk_AwznnJIiD7bY\" target=\"_blank\" rel=\"nofollow noopener\">https:\/\/paypal.me\/otvorenakomunikacija<\/a><\/b><\/b><\/p>\t\t\t\t\t\t\t\t<\/div>\n\t\t\t\t<\/div>\n\t\t\t\t\t<\/div>\n\t\t<\/div>\n\t\t\t\t\t<\/div>\n\t\t<\/section>\n\t\t\t\t\t<\/div>\n\t\t<\/div>\n\t\t\t\t\t<\/div>\n\t\t<\/section>\n\t\t\t\t<section class=\"elementor-section elementor-top-section elementor-element elementor-element-7da6fae elementor-section-boxed elementor-section-height-default elementor-section-height-default\" data-id=\"7da6fae\" data-element_type=\"section\" data-e-type=\"section\">\n\t\t\t\t\t\t<div class=\"elementor-container elementor-column-gap-default\">\n\t\t\t\t\t<div class=\"elementor-column elementor-col-100 elementor-top-column elementor-element elementor-element-8e06613\" data-id=\"8e06613\" data-element_type=\"column\" data-e-type=\"column\">\n\t\t\t<div class=\"elementor-widget-wrap elementor-element-populated\">\n\t\t\t\t\t\t<div class=\"elementor-element elementor-element-ecdd9e4 elementor-widget-divider--view-line elementor-widget elementor-widget-divider\" data-id=\"ecdd9e4\" data-element_type=\"widget\" data-e-type=\"widget\" data-widget_type=\"divider.default\">\n\t\t\t\t<div class=\"elementor-widget-container\">\n\t\t\t\t\t\t\t<div class=\"elementor-divider\">\n\t\t\t<span class=\"elementor-divider-separator\">\n\t\t\t\t\t\t<\/span>\n\t\t<\/div>\n\t\t\t\t\t\t<\/div>\n\t\t\t\t<\/div>\n\t\t\t\t<div class=\"elementor-element elementor-element-240093d elementor-widget elementor-widget-heading\" data-id=\"240093d\" data-element_type=\"widget\" data-e-type=\"widget\" data-widget_type=\"heading.default\">\n\t\t\t\t<div class=\"elementor-widget-container\">\n\t\t\t\t\t<h3 class=\"elementor-heading-title elementor-size-default\">Primer ispravno popunjene uplatnice<\/h3>\t\t\t\t<\/div>\n\t\t\t\t<\/div>\n\t\t\t\t<div class=\"elementor-element elementor-element-419f725 elementor-widget-divider--view-line elementor-widget elementor-widget-divider\" data-id=\"419f725\" data-element_type=\"widget\" data-e-type=\"widget\" data-widget_type=\"divider.default\">\n\t\t\t\t<div class=\"elementor-widget-container\">\n\t\t\t\t\t\t\t<div class=\"elementor-divider\">\n\t\t\t<span class=\"elementor-divider-separator\">\n\t\t\t\t\t\t<\/span>\n\t\t<\/div>\n\t\t\t\t\t\t<\/div>\n\t\t\t\t<\/div>\n\t\t\t\t<div class=\"elementor-element elementor-element-2d1cc1a elementor-widget elementor-widget-image\" data-id=\"2d1cc1a\" data-element_type=\"widget\" data-e-type=\"widget\" data-widget_type=\"image.default\">\n\t\t\t\t<div class=\"elementor-widget-container\">\n\t\t\t\t\t\t\t\t\t\t\t\t\t\t\t<img fetchpriority=\"high\" decoding=\"async\" width=\"1024\" height=\"515\" src=\"https:\/\/ok.org.rs\/wp-content\/uploads\/2023\/04\/WhatsApp-Image-2023-04-10-at-00.17.39-1024x515.jpeg\" class=\"attachment-large size-large wp-image-1373\" alt=\"\" srcset=\"https:\/\/ok.org.rs\/wp-content\/uploads\/2023\/04\/WhatsApp-Image-2023-04-10-at-00.17.39-1024x515.jpeg 1024w, https:\/\/ok.org.rs\/wp-content\/uploads\/2023\/04\/WhatsApp-Image-2023-04-10-at-00.17.39-300x151.jpeg 300w, https:\/\/ok.org.rs\/wp-content\/uploads\/2023\/04\/WhatsApp-Image-2023-04-10-at-00.17.39-768x386.jpeg 768w, https:\/\/ok.org.rs\/wp-content\/uploads\/2023\/04\/WhatsApp-Image-2023-04-10-at-00.17.39-1536x773.jpeg 1536w, https:\/\/ok.org.rs\/wp-content\/uploads\/2023\/04\/WhatsApp-Image-2023-04-10-at-00.17.39-18x9.jpeg 18w, https:\/\/ok.org.rs\/wp-content\/uploads\/2023\/04\/WhatsApp-Image-2023-04-10-at-00.17.39.jpeg 1600w\" sizes=\"(max-width: 1024px) 100vw, 1024px\" \/>\t\t\t\t\t\t\t\t\t\t\t\t\t\t\t<\/div>\n\t\t\t\t<\/div>\n\t\t\t\t\t<\/div>\n\t\t<\/div>\n\t\t\t\t\t<\/div>\n\t\t<\/section>\n\t\t\t\t<\/div>","protected":false},"excerpt":{"rendered":"<p>DONacije i sponzorstva Svetsko univerzitetsko prvenstvo je najve\u0107e takmi\u010denje u javnom govorni\u0161tvu i debati koje ima tradiciju dugu 44 godine. Ovo prvenstvo okuplja preko 1000 studenata sa svih kontinenata. Pored predstavljanja svojih dr\u017eava, svaki tim predstavlja svoj univerzitet i akademsku zajednicu. Doga\u0111aj okuplja preko 180 univerziteta, poput Oksforda, Kembrid\u017ea, Harvarda, Prinstona, kao i Univerziteta u [&hellip;]<\/p>\n","protected":false},"author":1,"featured_media":0,"parent":0,"menu_order":0,"comment_status":"closed","ping_status":"closed","template":"","meta":{"om_disable_all_campaigns":false,"_monsterinsights_skip_tracking":false,"_monsterinsights_sitenote_active":false,"_monsterinsights_sitenote_note":"","_monsterinsights_sitenote_category":0,"site-sidebar-layout":"no-sidebar","site-content-layout":"page-builder","ast-site-content-layout":"default","site-content-style":"default","site-sidebar-style":"default","ast-global-header-display":"","ast-banner-title-visibility":"","ast-main-header-display":"","ast-hfb-above-header-display":"","ast-hfb-below-header-display":"","ast-hfb-mobile-header-display":"","site-post-title":"disabled","ast-breadcrumbs-content":"","ast-featured-img":"disabled","footer-sml-layout":"","ast-disable-related-posts":"","theme-transparent-header-meta":"","adv-header-id-meta":"","stick-header-meta":"","header-above-stick-meta":"","header-main-stick-meta":"","header-below-stick-meta":"","astra-migrate-meta-layouts":"default","ast-page-background-enabled":"default","ast-page-background-meta":{"desktop":{"background-color":"","background-image":"","background-repeat":"repeat","background-position":"center center","background-size":"auto","background-attachment":"scroll","background-type":"","background-media":"","overlay-type":"","overlay-color":"","overlay-opacity":"","overlay-gradient":""},"tablet":{"background-color":"","background-image":"","background-repeat":"repeat","background-position":"center center","background-size":"auto","background-attachment":"scroll","background-type":"","background-media":"","overlay-type":"","overlay-color":"","overlay-opacity":"","overlay-gradient":""},"mobile":{"background-color":"","background-image":"","background-repeat":"repeat","background-position":"center center","background-size":"auto","background-attachment":"scroll","background-type":"","background-media":"","overlay-type":"","overlay-color":"","overlay-opacity":"","overlay-gradient":""}},"ast-content-background-meta":{"desktop":{"background-color":"var(--ast-global-color-5)","background-image":"","background-repeat":"repeat","background-position":"center center","background-size":"auto","background-attachment":"scroll","background-type":"","background-media":"","overlay-type":"","overlay-color":"","overlay-opacity":"","overlay-gradient":""},"tablet":{"background-color":"var(--ast-global-color-5)","background-image":"","background-repeat":"repeat","background-position":"center center","background-size":"auto","background-attachment":"scroll","background-type":"","background-media":"","overlay-type":"","overlay-color":"","overlay-opacity":"","overlay-gradient":""},"mobile":{"background-color":"var(--ast-global-color-5)","background-image":"","background-repeat":"repeat","background-position":"center center","background-size":"auto","background-attachment":"scroll","background-type":"","background-media":"","overlay-type":"","overlay-color":"","overlay-opacity":"","overlay-gradient":""}},"footnotes":""},"class_list":["post-1349","page","type-page","status-publish","hentry"],"aioseo_notices":[],"_links":{"self":[{"href":"https:\/\/ok.org.rs\/en\/wp-json\/wp\/v2\/pages\/1349","targetHints":{"allow":["GET"]}}],"collection":[{"href":"https:\/\/ok.org.rs\/en\/wp-json\/wp\/v2\/pages"}],"about":[{"href":"https:\/\/ok.org.rs\/en\/wp-json\/wp\/v2\/types\/page"}],"author":[{"embeddable":true,"href":"https:\/\/ok.org.rs\/en\/wp-json\/wp\/v2\/users\/1"}],"replies":[{"embeddable":true,"href":"https:\/\/ok.org.rs\/en\/wp-json\/wp\/v2\/comments?post=1349"}],"version-history":[{"count":25,"href":"https:\/\/ok.org.rs\/en\/wp-json\/wp\/v2\/pages\/1349\/revisions"}],"predecessor-version":[{"id":1381,"href":"https:\/\/ok.org.rs\/en\/wp-json\/wp\/v2\/pages\/1349\/revisions\/1381"}],"wp:attachment":[{"href":"https:\/\/ok.org.rs\/en\/wp-json\/wp\/v2\/media?parent=1349"}],"curies":[{"name":"wp","href":"https:\/\/api.w.org\/{rel}","templated":true}]}}